{"id":215,"date":"2017-07-10T20:38:32","date_gmt":"2017-07-10T20:38:32","guid":{"rendered":"https:\/\/floweroflight.de\/shipping__delivery\/"},"modified":"2017-09-12T14:03:14","modified_gmt":"2017-09-12T14:03:14","slug":"shipping__delivery","status":"publish","type":"page","link":"https:\/\/floweroflight.de\/en\/shipping__delivery\/","title":{"rendered":"Shipping &#038; Delivery"},"content":{"rendered":"<p><strong>Shipping prices and delivery information<br \/>\n<\/strong><\/p>\n<p>The article prices displayed in the shop\/catalog do not include shipping fees. The following shipping prices apply according to the destination. They include all the VAT (GST)<\/p>\n<table style=\"border-color: #666666;\" border=\"1\">\n<tbody>\n<tr>\n<td><strong>SHIPPING ZONE<\/strong><\/td>\n<td><strong>PRICE (up to 1 kg)<br \/>\n<\/strong><\/td>\n<td><strong>PRICE (up to 2 kg)<\/strong><\/td>\n<td><strong>PRICE (up to 5 kg)<\/strong><\/td>\n<td><strong>PAKETDIENST<\/strong><\/td>\n<td><strong>DELIVERY TIME<\/strong><\/td>\n<\/tr>\n<tr>\n<td>GERMANY<\/td>\n<td>Standard 4,00 \u20ac<\/p>\n<hr \/>\n<p>Express 12,90 \u20ac<\/td>\n<td>Standard \u00a04,50 \u20ac<\/p>\n<hr \/>\n<p>Express 14,90 \u20ac<\/td>\n<td>Standard \u00a06,99 \u20ac<\/p>\n<hr \/>\n<p>Express 20,90 \u20ac<\/td>\n<td>DHL<\/td>\n<td>3 &#8211; 4 workdays<\/td>\n<\/tr>\n<tr>\n<td>EU-Countries (1)<\/td>\n<td>&#8211;<\/td>\n<td>9,00 \u20ac<\/td>\n<td>17,99 \u20ac<\/td>\n<td>DHL<\/td>\n<td>5 &#8211; 7 workdays<\/td>\n<\/tr>\n<tr>\n<td>Europa Non-EU-countries (2)<\/td>\n<td>&#8211;<\/td>\n<td>16,00 \u20ac<\/td>\n<td>30,99 \u20ac<\/td>\n<td>DHL<\/td>\n<td>7 &#8211; 10 workdays<\/td>\n<\/tr>\n<tr>\n<td>SWITZERLAND<\/td>\n<td>&#8211;<\/td>\n<td>16,00 \u20ac<\/td>\n<td>29,99 \u20ac<\/td>\n<td>DHL<\/td>\n<td>5 &#8211; 7 workdays<\/td>\n<\/tr>\n<tr>\n<td>AUSTRALIA<\/td>\n<td>&#8211;<\/td>\n<td>16,00 \u20ac<\/td>\n<td>46,99 \u20ac<\/td>\n<td>DHL \/ AUSTRALIA POST<\/td>\n<td>3 &#8211; 4 workdays<\/td>\n<\/tr>\n<tr>\n<td>USA<\/td>\n<td><\/td>\n<td>16,00 \u20ac<\/td>\n<td>37,99 \u20ac<\/td>\n<td>DHL<\/td>\n<td>5 &#8211; 7 workdays<\/td>\n<\/tr>\n<tr>\n<td>CHINA<\/td>\n<td>&#8211;<\/td>\n<td>16,00 \u20ac<\/td>\n<td>43,99 \u20ac<\/td>\n<td>DHL<\/td>\n<td>7 &#8211; 10 workdays<\/td>\n<\/tr>\n<tr>\n<td>RUSSIA<\/td>\n<td>&#8211;<\/td>\n<td>16,00 \u20ac<\/td>\n<td>31,99 \u20ac<\/td>\n<td>DHL<\/td>\n<td>7 &#8211; 10 workdays<\/td>\n<\/tr>\n<tr>\n<td>WORLD Zone 1 (3)<\/td>\n<td>&#8211;<\/td>\n<td>16,00 \u20ac<\/td>\n<td>38,99 \u20ac<\/td>\n<td>DHL<\/td>\n<td>7 &#8211; 14 Workdays<\/td>\n<\/tr>\n<tr>\n<td>WORLD Zone 2 (4)<\/td>\n<td>&#8211;<\/td>\n<td>16,00 \u20ac<\/td>\n<td>46,99 \u20ac<\/td>\n<td>DHL<\/td>\n<td>7 &#8211; 20 Workdays<\/td>\n<\/tr>\n<\/tbody>\n<\/table>\n<p>&nbsp;<\/p>\n<h4>Shipping countries by zone in detail:<\/h4>\n<ol>\n<li>Belgium, Bulgaria, Denmark (except F\u00e4r\u00f6e, Greenland), Estonia, Finland (except \u00c4land islands), France (except overseas departments), Greece (except Berg Athos), UK (except Channel Islands), Irland, Italia (except Livigno and Campione d&#8217;Italia), Croatia, Letonia, Lituania, Luxemburg, Malta, Monaco, Netherlands (except overseas territories), Austria, Poland, Portugal, Rumania, Sweden, Slovakia, Slovenia, Spanien (except Canaria Islands, Ceuta and Melilla) ,Tcheq Republic, Ungaria, Cyprus (except North)<br \/>\n<hr \/>\n<\/li>\n<li>\u00c4land islands (Finland), Andorra, Albania, Belarussia, Athos (Greece), Bosnia-Herzegowina, Campione d&#8217;Italia (Italien), Ceuta (Spanien), F\u00e4r\u00f6e-islands (Danmark), Georgia, Gibraltar (Gro\u00dfbritannien), Greenland (Denmark), Iceland, Channel islands (UK), Canary islands (Spanien), Kosovo, Liechtenstein, Livigno (Italia), Macedonia, Melilla (Spain), Moldavia, Montenegro, Norway, San Marino, Serbien,Turkey, Ukraine, Vatican, Cyprus (North).<br \/>\n<hr \/>\n<\/li>\n<li>Egypt, Algeria, Armenia, Azerbaidschan, Israel, Jordania, Kanada, Kazachstan, Libanon, Libya, Marokko, Pal\u00e4stinina territories, St. Pierre und Miquelon (France), Syria, Tunesia<br \/>\n<hr \/>\n<\/li>\n<li>All countries not listed in the other shipping-zones.<\/li>\n<\/ol>\n<p>&nbsp;<\/p>\n","protected":false},"excerpt":{"rendered":"<p>Shipping prices and delivery information The article prices displayed in the shop\/catalog do not include shipping fees. The following shipping prices apply according to the destination. They include all the VAT (GST) SHIPPING ZONE PRICE (up to 1 kg) PRICE &hellip; <a class=\"kt-excerpt-readmore\" href=\"https:\/\/floweroflight.de\/en\/shipping__delivery\/\" aria-label=\"Shipping &amp; Delivery\">Read More<\/a><\/p>\n","protected":false},"author":1,"featured_media":0,"parent":0,"menu_order":0,"comment_status":"closed","ping_status":"closed","template":"page-fullwidth.php","meta":{"kt_blocks_editor_width":"","footnotes":""},"class_list":["post-215","page","type-page","status-publish","hentry"],"yoast_head":"<!-- This site is optimized with the Yoast SEO plugin v27.2 - https:\/\/yoast.com\/product\/yoast-seo-wordpress\/ -->\n<title>Shipping &amp; Delivery<\/title>\n<meta name=\"robots\" content=\"index, follow, max-snippet:-1, max-image-preview:large, max-video-preview:-1\" \/>\n<link rel=\"canonical\" href=\"https:\/\/floweroflight.de\/en\/shipping__delivery\/\" \/>\n<meta property=\"og:locale\" content=\"en_US\" \/>\n<meta property=\"og:locale:alternate\" content=\"de_DE\" \/>\n<meta property=\"og:locale:alternate\" content=\"fr_FR\" \/>\n<meta property=\"og:type\" content=\"article\" \/>\n<meta property=\"og:title\" content=\"Shipping &amp; Delivery\" \/>\n<meta property=\"og:description\" content=\"Shipping prices and delivery information The article prices displayed in the shop\/catalog do not include shipping fees. The following shipping prices apply according to the destination. They include all the VAT (GST) SHIPPING ZONE PRICE (up to 1 kg) PRICE &hellip; Read More\" \/>\n<meta property=\"og:url\" content=\"https:\/\/floweroflight.de\/en\/shipping__delivery\/\" \/>\n<meta property=\"og:site_name\" content=\"Flower of Light\" \/>\n<meta property=\"article:modified_time\" content=\"2017-09-12T14:03:14+00:00\" \/>\n<meta name=\"twitter:card\" content=\"summary_large_image\" \/>\n<meta name=\"twitter:label1\" content=\"Est. reading time\" \/>\n\t<meta name=\"twitter:data1\" content=\"5 minutes\" \/>\n<script type=\"application\/ld+json\" class=\"yoast-schema-graph\">{\"@context\":\"https:\/\/schema.org\",\"@graph\":[{\"@type\":\"WebPage\",\"@id\":\"https:\/\/floweroflight.de\/en\/shipping__delivery\/\",\"url\":\"https:\/\/floweroflight.de\/en\/shipping__delivery\/\",\"name\":\"Shipping & Delivery\",\"isPartOf\":{\"@id\":\"https:\/\/floweroflight.de\/en\/#website\"},\"datePublished\":\"2017-07-10T20:38:32+00:00\",\"dateModified\":\"2017-09-12T14:03:14+00:00\",\"inLanguage\":\"en-US\",\"potentialAction\":[{\"@type\":\"ReadAction\",\"target\":[\"https:\/\/floweroflight.de\/en\/shipping__delivery\/\"]}]},{\"@type\":\"WebSite\",\"@id\":\"https:\/\/floweroflight.de\/en\/#website\",\"url\":\"https:\/\/floweroflight.de\/en\/\",\"name\":\"Flower of Light\",\"description\":\"Lamp design - Berlin\",\"potentialAction\":[{\"@type\":\"SearchAction\",\"target\":{\"@type\":\"EntryPoint\",\"urlTemplate\":\"https:\/\/floweroflight.de\/en\/?s={search_term_string}\"},\"query-input\":{\"@type\":\"PropertyValueSpecification\",\"valueRequired\":true,\"valueName\":\"search_term_string\"}}],\"inLanguage\":\"en-US\"}]}<\/script>\n<!-- \/ Yoast SEO plugin. -->","yoast_head_json":{"title":"Shipping & Delivery","robots":{"index":"index","follow":"follow","max-snippet":"max-snippet:-1","max-image-preview":"max-image-preview:large","max-video-preview":"max-video-preview:-1"},"canonical":"https:\/\/floweroflight.de\/en\/shipping__delivery\/","og_locale":"en_US","og_type":"article","og_title":"[:en]Shipping & Delivery[:de]Versand & Lieferung[:fr]Envoi et livraison[:] - Flower of Light","og_description":"Shipping prices and delivery information The article prices displayed in the shop\/catalog do not include shipping fees. The following shipping prices apply according to the destination. They include all the VAT (GST) SHIPPING ZONE PRICE (up to 1 kg) PRICE &hellip; Read More","og_url":"https:\/\/floweroflight.de\/en\/shipping__delivery\/","og_site_name":"Flower of Light","article_modified_time":"2017-09-12T14:03:14+00:00","twitter_card":"summary_large_image","twitter_misc":{"Est. reading time":"5 minutes"},"schema":{"@context":"https:\/\/schema.org","@graph":[{"@type":"WebPage","@id":"https:\/\/floweroflight.de\/en\/shipping__delivery\/","url":"https:\/\/floweroflight.de\/en\/shipping__delivery\/","name":"Shipping & Delivery","isPartOf":{"@id":"https:\/\/floweroflight.de\/en\/#website"},"datePublished":"2017-07-10T20:38:32+00:00","dateModified":"2017-09-12T14:03:14+00:00","inLanguage":"en-US","potentialAction":[{"@type":"ReadAction","target":["https:\/\/floweroflight.de\/en\/shipping__delivery\/"]}]},{"@type":"WebSite","@id":"https:\/\/floweroflight.de\/en\/#website","url":"https:\/\/floweroflight.de\/en\/","name":"Flower of Light","description":"Lamp design - Berlin","potentialAction":[{"@type":"SearchAction","target":{"@type":"EntryPoint","urlTemplate":"https:\/\/floweroflight.de\/en\/?s={search_term_string}"},"query-input":{"@type":"PropertyValueSpecification","valueRequired":true,"valueName":"search_term_string"}}],"inLanguage":"en-US"}]}},"_links":{"self":[{"href":"https:\/\/floweroflight.de\/en\/wp-json\/wp\/v2\/pages\/215","targetHints":{"allow":["GET"]}}],"collection":[{"href":"https:\/\/floweroflight.de\/en\/wp-json\/wp\/v2\/pages"}],"about":[{"href":"https:\/\/floweroflight.de\/en\/wp-json\/wp\/v2\/types\/page"}],"author":[{"embeddable":true,"href":"https:\/\/floweroflight.de\/en\/wp-json\/wp\/v2\/users\/1"}],"replies":[{"embeddable":true,"href":"https:\/\/floweroflight.de\/en\/wp-json\/wp\/v2\/comments?post=215"}],"version-history":[{"count":34,"href":"https:\/\/floweroflight.de\/en\/wp-json\/wp\/v2\/pages\/215\/revisions"}],"predecessor-version":[{"id":558,"href":"https:\/\/floweroflight.de\/en\/wp-json\/wp\/v2\/pages\/215\/revisions\/558"}],"wp:attachment":[{"href":"https:\/\/floweroflight.de\/en\/wp-json\/wp\/v2\/media?parent=215"}],"curies":[{"name":"wp","href":"https:\/\/api.w.org\/{rel}","templated":true}]}}