{"id":102,"date":"2017-02-04T12:36:23","date_gmt":"2017-02-04T12:36:23","guid":{"rendered":"https:\/\/floweroflight.de\/?page_id=102"},"modified":"2017-12-18T13:24:49","modified_gmt":"2017-12-18T13:24:49","slug":"products","status":"publish","type":"page","link":"https:\/\/floweroflight.de\/fr\/products\/","title":{"rendered":"Produits"},"content":{"rendered":"<div class=\"su-box su-box-style-glass fol-products-third\" id=\"\" style=\"border-color:#000000;border-radius:3px;max-width:none\"><div class=\"su-box-title\" style=\"background-color:#2b000e;color:#FFFFFF;border-top-left-radius:1px;border-top-right-radius:1px\">Comme un mandala en 3D<\/div><div class=\"su-box-content su-u-clearfix su-u-trim\" style=\"border-bottom-left-radius:1px;border-bottom-right-radius:1px\">\n<div class=\"su-animate\" style=\"opacity:0;-webkit-animation-duration:1s;-webkit-animation-delay:0s;animation-duration:1s;animation-delay:0s;\" data-animation=\"flipInX\" data-duration=\"1\" data-delay=\"0\">\n<p style=\"text-align: center;\">\t\t\t<i class=\"icon-puzzle kad-square-iconclass\" style=\"font-size:80px; display:inline-block; color:#ccc; background:#fff;\t\t\t\"><\/i>\n\t\t\t\t\n<\/div>\n<div class=\"hrule clearfix\" style=\"background:#dd9933; height:1px\"><\/div>\n<div class=\"su-row\">\n<div class=\"su-column su-column-size-1-2\"><div class=\"su-column-inner su-u-clearfix su-u-trim\">\n<p>Nos abat-jour sont compos\u00e9s d\u2019\u00e9l\u00e9ments modulaires similaires aux p\u00e9tales d\u2019une fleur qui se combinent un peu comme un puzzle, sans colle ni vis.<\/p>\n<p>Livr\u00e9s en kit \u00e0 monter soi-m\u00eame, ils s&#8217;apparentent \u00e0 des mandalas en 3D, dont le montage par mouvements r\u00e9p\u00e9titifs peut prendre le caract\u00e8re d\u2019un exercice m\u00e9ditatif.<\/p>\n<p>Le \u00ab\u00a0Lotus\u00a0\u00bb inclut 19 \u00e9l\u00e9ments. Il est simple \u00e0 monter et aussi adapt\u00e9 aux enfants d\u00e8s 9 ans, alors que le \u00ab\u00a0Chakra\u00a0\u00bb avec ses 85 pi\u00e8ces est un \u00ab\u00a0challenge\u00a0\u00bb pour les plus grands qui requiert un peu de patience et de concentration. Mais le r\u00e9sultat en vaut la peine!<\/p>\n<\/div><\/div><div class=\"su-column su-column-size-1-2\"><div class=\"su-column-inner su-u-clearfix su-u-trim\">\n<div style=\"width: 520px;\" class=\"wp-video\"><video class=\"wp-video-shortcode\" id=\"video-102-1\" width=\"520\" height=\"420\" preload=\"metadata\" controls=\"controls\"><source type=\"video\/mp4\" src=\"https:\/\/floweroflight.de\/wp-content\/uploads\/2017\/02\/FOL-Instructions-Chakra-Short.mp4?_=1\" \/><a href=\"https:\/\/floweroflight.de\/wp-content\/uploads\/2017\/02\/FOL-Instructions-Chakra-Short.mp4\">https:\/\/floweroflight.de\/wp-content\/uploads\/2017\/02\/FOL-Instructions-Chakra-Short.mp4<\/a><\/video><\/div>\n<\/div><\/div><\/div><\/div><\/div>\n<div class=\"su-row\">\n<div class=\"su-column su-column-size-1-2\"><div class=\"su-column-inner su-u-clearfix su-u-trim\">\n<div class=\"su-box su-box-style-glass fol-products-third\" id=\"\" style=\"border-color:#000000;border-radius:3px;max-width:none\"><div class=\"su-box-title\" style=\"background-color:#2b000e;color:#FFFFFF;border-top-left-radius:1px;border-top-right-radius:1px\">Compatible<\/div><div class=\"su-box-content su-u-clearfix su-u-trim\" style=\"border-bottom-left-radius:1px;border-bottom-right-radius:1px\">\n<div class=\"su-animate\" style=\"opacity:0;-webkit-animation-duration:1s;-webkit-animation-delay:0s;animation-duration:1s;animation-delay:0s;\" data-animation=\"fadeIn\" data-duration=\"1\" data-delay=\"0\">\n<p style=\"text-align: center;\">\t\t\t<i class=\"icon-lamp kad-square-iconclass\" style=\"font-size:80px; display:inline-block; color:#ccc; background:#fff;\t\t\t\"><\/i>\n\t\t\t\t\n<\/div>\n<div class=\"hrule clearfix\" style=\"background:#dd9933; height:1px\"><\/div>\n<p>Nos abat-jour sont con\u00e7us pour s&#8217;adapter sur toutes sortes de pieds de lampes \u00e9quip\u00e9s de douilles standard E27 (avec filetage ext\u00e9rieur, diam\u00e8tre 54mm ).<br \/>\nLe Lotus peut aussi se placer sur les douilles E14 gr\u00e2ce \u00e0 deux petits anneaux-adaptateurs inclus.<\/p>\n<div class=\"hrule clearfix\" style=\"background:#dd9933; height:1px\"><\/div>\n<p><img fetchpriority=\"high\" decoding=\"async\" class=\"wp-image-316 size-medium aligncenter\" src=\"https:\/\/floweroflight.de\/wp-content\/uploads\/2017\/02\/FOL-Lotus-Detail-Fitting-01-300x225.jpg\" alt=\"\" width=\"300\" height=\"225\" data-id=\"284\" srcset=\"https:\/\/floweroflight.de\/wp-content\/uploads\/2017\/02\/FOL-Lotus-Detail-Fitting-01-300x225.jpg 300w, https:\/\/floweroflight.de\/wp-content\/uploads\/2017\/02\/FOL-Lotus-Detail-Fitting-01-768x576.jpg 768w, https:\/\/floweroflight.de\/wp-content\/uploads\/2017\/02\/FOL-Lotus-Detail-Fitting-01.jpg 1024w\" sizes=\"(max-width: 300px) 100vw, 300px\" \/><\/p>\n<\/div><\/div>\n<\/div><\/div>\n<div class=\"su-column su-column-size-1-2\"><div class=\"su-column-inner su-u-clearfix su-u-trim\">\n<div class=\"su-box su-box-style-glass fol-products-third\" id=\"\" style=\"border-color:#000000;border-radius:3px;max-width:none\"><div class=\"su-box-title\" style=\"background-color:#2b000e;color:#FFFFFF;border-top-left-radius:1px;border-top-right-radius:1px\">Robuste et r\u00e9sistant<\/div><div class=\"su-box-content su-u-clearfix su-u-trim\" style=\"border-bottom-left-radius:1px;border-bottom-right-radius:1px\">\n<div class=\"su-animate\" style=\"opacity:0;-webkit-animation-duration:1s;-webkit-animation-delay:0s;animation-duration:1s;animation-delay:0s;\" data-animation=\"fadeIn\" data-duration=\"1\" data-delay=\"0\">\n<p style=\"text-align: center;\">\t\t\t<i class=\"icon-fire kad-square-iconclass\" style=\"font-size:80px; display:inline-block; color:#ccc; background:#fff;\t\t\t\"><\/i>\n\t\t\t\t\n<\/div>\n<div class=\"hrule clearfix\" style=\"background:#dd9933; height:1px\"><\/div>\n<p>Nos abat-jour sont produits en polypropylene, un plastique tr\u00e8s l\u00e9ger et flexible mais aussi tr\u00e8s r\u00e9sistant \u00e0 la d\u00e9formation et \u00e0 la chaleur.<br \/>\n\u00c0 la diff\u00e9rence du PVC, le PP n\u2019\u00e9met pas de gaz nocifs lorsqu\u2019il est expos\u00e9 longuement \u00e0 des temp\u00e9ratures hautes.<\/p>\n<p>Nos produits ont \u00e9t\u00e9 test\u00e9s avec succ\u00e8s en conditions ext\u00e9rieures et extr\u00eames.<\/p>\n<p>&nbsp;<\/p>\n<div class=\"hrule clearfix\" style=\"background:#dd9933; height:1px\"><\/div>\n<p><img decoding=\"async\" class=\"aligncenter wp-image-156 size-medium\" src=\"https:\/\/floweroflight.de\/wp-content\/uploads\/2017\/02\/35-IMG_4325-300x200.jpg\" alt=\"\" width=\"300\" height=\"200\" data-id=\"156\" srcset=\"https:\/\/floweroflight.de\/wp-content\/uploads\/2017\/02\/35-IMG_4325-300x200.jpg 300w, https:\/\/floweroflight.de\/wp-content\/uploads\/2017\/02\/35-IMG_4325-272x182.jpg 272w, https:\/\/floweroflight.de\/wp-content\/uploads\/2017\/02\/35-IMG_4325-768x512.jpg 768w, https:\/\/floweroflight.de\/wp-content\/uploads\/2017\/02\/35-IMG_4325.jpg 1024w\" sizes=\"(max-width: 300px) 100vw, 300px\" \/><\/p>\n<\/div><\/div>\n<\/div><\/div>\n<\/div>\n<div class=\"su-row\">\n<div class=\"su-column su-column-size-1-2\"><div class=\"su-column-inner su-u-clearfix su-u-trim\">\n<div class=\"su-box su-box-style-glass fol-products-third\" id=\"\" style=\"border-color:#000000;border-radius:3px;max-width:none\"><div class=\"su-box-title\" style=\"background-color:#2b000e;color:#FFFFFF;border-top-left-radius:1px;border-top-right-radius:1px\">Facile \u00e0 laver<\/div><div class=\"su-box-content su-u-clearfix su-u-trim\" style=\"border-bottom-left-radius:1px;border-bottom-right-radius:1px\">\n<div class=\"su-animate\" style=\"opacity:0;-webkit-animation-duration:1s;-webkit-animation-delay:0s;animation-duration:1s;animation-delay:0s;\" data-animation=\"fadeIn\" data-duration=\"1\" data-delay=\"0\">\n<p style=\"text-align: center;\">\t\t\t<i class=\"icon-weather-rain kad-square-iconclass\" style=\"font-size:80px; display:inline-block; color:#ccc; background:#fff;\t\t\t\"><\/i>\n\t\t\t\t\n<\/div>\n<div class=\"hrule clearfix\" style=\"background:#dd9933; height:1px\"><\/div>\n<p>L\u2019ennemi de tout abat-jour est bien entendu la poussi\u00e8re. Avec Flower of Light, pas de probl\u00e8me\u2026<br \/>\nNos produits peuvent \u00eatre lav\u00e9s directement sous la douche. Apr\u00e8s le lavage, s\u00e9chez simplement la lampe avec un torchon ou une serviette.<\/p>\n<div class=\"hrule clearfix\" style=\"background:#dd9933; height:1px\"><\/div>\n<div style=\"width: 510px;\" class=\"wp-video\"><video class=\"wp-video-shortcode\" id=\"video-102-2\" width=\"510\" height=\"200\" preload=\"metadata\" controls=\"controls\"><source type=\"video\/mp4\" src=\"https:\/\/floweroflight.de\/wp-content\/uploads\/2017\/02\/FOL-lotus-Wash-v1.mp4?_=2\" \/><source type=\"video\/webm\" src=\"https:\/\/floweroflight.de\/wp-content\/uploads\/2017\/02\/FOL-lotus-Wash-v1.webm?_=2\" \/><a href=\"https:\/\/floweroflight.de\/wp-content\/uploads\/2017\/02\/FOL-lotus-Wash-v1.mp4\">https:\/\/floweroflight.de\/wp-content\/uploads\/2017\/02\/FOL-lotus-Wash-v1.mp4<\/a><\/video><\/div>\n<\/div><\/div>\n<\/div><\/div>\n<div class=\"su-column su-column-size-1-2\"><div class=\"su-column-inner su-u-clearfix su-u-trim\">\n<div class=\"su-box su-box-style-glass fol-products-third\" id=\"\" style=\"border-color:#000000;border-radius:3px;max-width:none\"><div class=\"su-box-title\" style=\"background-color:#2b000e;color:#FFFFFF;border-top-left-radius:1px;border-top-right-radius:1px\">Soutenez des ONG<\/div><div class=\"su-box-content su-u-clearfix su-u-trim\" style=\"border-bottom-left-radius:1px;border-bottom-right-radius:1px\">\n<div class=\"su-animate\" style=\"opacity:0;-webkit-animation-duration:1s;-webkit-animation-delay:0s;animation-duration:1s;animation-delay:0s;\" data-animation=\"fadeIn\" data-duration=\"1\" data-delay=\"0\">\n<p style=\"text-align: center;\">\t\t\t<i class=\"icon-heart kad-square-iconclass\" style=\"font-size:80px; display:inline-block; color:#ccc; background:#fff;\t\t\t\"><\/i>\n\t\t\t\t\n<\/div>\n<div class=\"hrule clearfix\" style=\"background:#dd9933; height:1px\"><\/div>\n<p>\u00c0 la fin de chaque ann\u00e9e, nous donnons une partie de notre b\u00e9n\u00e9fice \u00e0 des projets \u00e9ducatifs conduits par des ONG dans des pays en d\u00e9veloppement.<\/p>\n<div class=\"hrule clearfix\" style=\"background:#dd9933; height:1px\"><\/div>\n<p><img decoding=\"async\" class=\"aligncenter size-medium wp-image-284\" src=\"https:\/\/floweroflight.de\/wp-content\/uploads\/2017\/02\/DSCN9718-300x225.jpg\" alt=\"\" width=\"300\" height=\"225\" data-id=\"284\" srcset=\"https:\/\/floweroflight.de\/wp-content\/uploads\/2017\/02\/DSCN9718-300x225.jpg 300w, https:\/\/floweroflight.de\/wp-content\/uploads\/2017\/02\/DSCN9718-768x576.jpg 768w, https:\/\/floweroflight.de\/wp-content\/uploads\/2017\/02\/DSCN9718-1024x768.jpg 1024w\" sizes=\"(max-width: 300px) 100vw, 300px\" \/><\/p>\n<\/div><\/div>\n<\/div><\/div>\n<\/div>\n","protected":false},"excerpt":{"rendered":"","protected":false},"author":1,"featured_media":0,"parent":0,"menu_order":0,"comment_status":"closed","ping_status":"closed","template":"page-fullwidth.php","meta":{"kt_blocks_editor_width":"","footnotes":""},"class_list":["post-102","page","type-page","status-publish","hentry"],"yoast_head":"<!-- This site is optimized with the Yoast SEO plugin v27.2 - https:\/\/yoast.com\/product\/yoast-seo-wordpress\/ -->\n<title>Produits<\/title>\n<meta name=\"description\" content=\"{:en}lampshades inspired by nature and geonetry to build yourself. Like a 3D-mandala{:}\" \/>\n<meta name=\"robots\" content=\"index, follow, max-snippet:-1, max-image-preview:large, max-video-preview:-1\" \/>\n<link rel=\"canonical\" href=\"https:\/\/floweroflight.de\/fr\/products\/\" \/>\n<meta property=\"og:locale\" content=\"fr_FR\" \/>\n<meta property=\"og:locale:alternate\" content=\"de_DE\" \/>\n<meta property=\"og:locale:alternate\" content=\"en_US\" \/>\n<meta property=\"og:type\" content=\"article\" \/>\n<meta property=\"og:title\" content=\"Produits\" \/>\n<meta property=\"og:description\" content=\"{:en}lampshades inspired by nature and geonetry to build yourself. Like a 3D-mandala{:}\" \/>\n<meta property=\"og:url\" content=\"https:\/\/floweroflight.de\/fr\/products\/\" \/>\n<meta property=\"og:site_name\" content=\"Flower of Light\" \/>\n<meta property=\"article:modified_time\" content=\"2017-12-18T13:24:49+00:00\" \/>\n<meta property=\"og:image\" content=\"https:\/\/floweroflight.de\/wp-content\/uploads\/2017\/02\/FOL-Lotus-Detail-Fitting-01-300x225.jpg\" \/>\n<meta name=\"twitter:card\" content=\"summary_large_image\" \/>\n<meta name=\"twitter:label1\" content=\"Dur\u00e9e de lecture estim\u00e9e\" \/>\n\t<meta name=\"twitter:data1\" content=\"8 minutes\" \/>\n<script type=\"application\/ld+json\" class=\"yoast-schema-graph\">{\"@context\":\"https:\/\/schema.org\",\"@graph\":[{\"@type\":\"WebPage\",\"@id\":\"https:\/\/floweroflight.de\/fr\/products\/\",\"url\":\"https:\/\/floweroflight.de\/fr\/products\/\",\"name\":\"Produits\",\"isPartOf\":{\"@id\":\"https:\/\/floweroflight.de\/en\/#website\"},\"primaryImageOfPage\":{\"@id\":\"https:\/\/floweroflight.de\/fr\/products\/#primaryimage\"},\"image\":{\"@id\":\"https:\/\/floweroflight.de\/fr\/products\/#primaryimage\"},\"thumbnailUrl\":\"https:\/\/floweroflight.de\/wp-content\/uploads\/2017\/02\/FOL-Lotus-Detail-Fitting-01-300x225.jpg\",\"datePublished\":\"2017-02-04T12:36:23+00:00\",\"dateModified\":\"2017-12-18T13:24:49+00:00\",\"description\":\"{:en}lampshades inspired by nature and geonetry to build yourself. Like a 3D-mandala{:}\",\"inLanguage\":\"fr-FR\",\"potentialAction\":[{\"@type\":\"ReadAction\",\"target\":[\"https:\/\/floweroflight.de\/fr\/products\/\"]}]},{\"@type\":\"ImageObject\",\"inLanguage\":\"fr-FR\",\"@id\":\"https:\/\/floweroflight.de\/fr\/products\/#primaryimage\",\"url\":\"https:\/\/floweroflight.de\/wp-content\/uploads\/2017\/02\/FOL-Lotus-Detail-Fitting-01-300x225.jpg\",\"contentUrl\":\"https:\/\/floweroflight.de\/wp-content\/uploads\/2017\/02\/FOL-Lotus-Detail-Fitting-01-300x225.jpg\"},{\"@type\":\"WebSite\",\"@id\":\"https:\/\/floweroflight.de\/en\/#website\",\"url\":\"https:\/\/floweroflight.de\/en\/\",\"name\":\"Flower of Light\",\"description\":\"Lamp design - Berlin\",\"potentialAction\":[{\"@type\":\"SearchAction\",\"target\":{\"@type\":\"EntryPoint\",\"urlTemplate\":\"https:\/\/floweroflight.de\/en\/?s={search_term_string}\"},\"query-input\":{\"@type\":\"PropertyValueSpecification\",\"valueRequired\":true,\"valueName\":\"search_term_string\"}}],\"inLanguage\":\"fr-FR\"}]}<\/script>\n<!-- \/ Yoast SEO plugin. -->","yoast_head_json":{"title":"Produits","description":"{:en}lampshades inspired by nature and geonetry to build yourself. Like a 3D-mandala{:}","robots":{"index":"index","follow":"follow","max-snippet":"max-snippet:-1","max-image-preview":"max-image-preview:large","max-video-preview":"max-video-preview:-1"},"canonical":"https:\/\/floweroflight.de\/fr\/products\/","og_locale":"fr_FR","og_type":"article","og_title":"[:en]Products[:de]Produkte[:fr]Produits[:] - Flower of Light","og_description":"{:en}lampshades inspired by nature and geonetry to build yourself. Like a 3D-mandala{:}","og_url":"https:\/\/floweroflight.de\/fr\/products\/","og_site_name":"Flower of Light","article_modified_time":"2017-12-18T13:24:49+00:00","og_image":[{"url":"https:\/\/floweroflight.de\/wp-content\/uploads\/2017\/02\/FOL-Lotus-Detail-Fitting-01-300x225.jpg","type":"","width":"","height":""}],"twitter_card":"summary_large_image","twitter_misc":{"Dur\u00e9e de lecture estim\u00e9e":"8 minutes"},"schema":{"@context":"https:\/\/schema.org","@graph":[{"@type":"WebPage","@id":"https:\/\/floweroflight.de\/fr\/products\/","url":"https:\/\/floweroflight.de\/fr\/products\/","name":"Produits","isPartOf":{"@id":"https:\/\/floweroflight.de\/en\/#website"},"primaryImageOfPage":{"@id":"https:\/\/floweroflight.de\/fr\/products\/#primaryimage"},"image":{"@id":"https:\/\/floweroflight.de\/fr\/products\/#primaryimage"},"thumbnailUrl":"https:\/\/floweroflight.de\/wp-content\/uploads\/2017\/02\/FOL-Lotus-Detail-Fitting-01-300x225.jpg","datePublished":"2017-02-04T12:36:23+00:00","dateModified":"2017-12-18T13:24:49+00:00","description":"{:en}lampshades inspired by nature and geonetry to build yourself. Like a 3D-mandala{:}","inLanguage":"fr-FR","potentialAction":[{"@type":"ReadAction","target":["https:\/\/floweroflight.de\/fr\/products\/"]}]},{"@type":"ImageObject","inLanguage":"fr-FR","@id":"https:\/\/floweroflight.de\/fr\/products\/#primaryimage","url":"https:\/\/floweroflight.de\/wp-content\/uploads\/2017\/02\/FOL-Lotus-Detail-Fitting-01-300x225.jpg","contentUrl":"https:\/\/floweroflight.de\/wp-content\/uploads\/2017\/02\/FOL-Lotus-Detail-Fitting-01-300x225.jpg"},{"@type":"WebSite","@id":"https:\/\/floweroflight.de\/en\/#website","url":"https:\/\/floweroflight.de\/en\/","name":"Flower of Light","description":"Lamp design - Berlin","potentialAction":[{"@type":"SearchAction","target":{"@type":"EntryPoint","urlTemplate":"https:\/\/floweroflight.de\/en\/?s={search_term_string}"},"query-input":{"@type":"PropertyValueSpecification","valueRequired":true,"valueName":"search_term_string"}}],"inLanguage":"fr-FR"}]}},"_links":{"self":[{"href":"https:\/\/floweroflight.de\/fr\/wp-json\/wp\/v2\/pages\/102","targetHints":{"allow":["GET"]}}],"collection":[{"href":"https:\/\/floweroflight.de\/fr\/wp-json\/wp\/v2\/pages"}],"about":[{"href":"https:\/\/floweroflight.de\/fr\/wp-json\/wp\/v2\/types\/page"}],"author":[{"embeddable":true,"href":"https:\/\/floweroflight.de\/fr\/wp-json\/wp\/v2\/users\/1"}],"replies":[{"embeddable":true,"href":"https:\/\/floweroflight.de\/fr\/wp-json\/wp\/v2\/comments?post=102"}],"version-history":[{"count":135,"href":"https:\/\/floweroflight.de\/fr\/wp-json\/wp\/v2\/pages\/102\/revisions"}],"predecessor-version":[{"id":561,"href":"https:\/\/floweroflight.de\/fr\/wp-json\/wp\/v2\/pages\/102\/revisions\/561"}],"wp:attachment":[{"href":"https:\/\/floweroflight.de\/fr\/wp-json\/wp\/v2\/media?parent=102"}],"curies":[{"name":"wp","href":"https:\/\/api.w.org\/{rel}","templated":true}]}}