{"id":126,"date":"2017-02-20T01:28:29","date_gmt":"2017-02-20T01:28:29","guid":{"rendered":"https:\/\/floweroflight.de\/?page_id=126"},"modified":"2017-12-18T13:52:48","modified_gmt":"2017-12-18T13:52:48","slug":"about-us","status":"publish","type":"page","link":"https:\/\/floweroflight.de\/fr\/about-us\/","title":{"rendered":"Qui sommes nous?"},"content":{"rendered":"<h3>Qui sommes nous?<\/h3>\n<hr \/>\n<p>Flower of Light est un projet d\u00e9marr\u00e9 par Thomas Dupont, infographiste n\u00e9 en France et bas\u00e9 \u00e0 Berlin depuis 1998.<br \/>\nIl est designer, sp\u00e9cialis\u00e9 sur le graphisme, webdesign et cr\u00e9ation\/d\u00e9veloppement de d\u00e9coration pour \u00e9v\u00e9nements.<\/p>\n<p>&nbsp;<\/p>\n<h3>Histoire du projet<\/h3>\n<hr \/>\n<div class=\"su-pullquote su-pullquote-align-left\">Le projet &#8220;Flower of Light&#8221; d\u00e9marra durant un sombre soir d&#8217;hiver \u00e0 Berlin en 2012. Une amie me faisait souvent remarquer lors de ses visites, que la lumi\u00e8re de mes \u00e9clairages halog\u00e8ne \u00e9tait trop gr\u00e8le et que je devrais aller acheter un abat-jour chez Ikea. Ma r\u00e9ponse f\u00fbt simple: dans les semaines suivantes, j&#8217;ai commenc\u00e9 \u00e0 dessiner, couper et plier des formes en papier, qui au fils des semaines sont devenues les prototypes des abat-jour Chakra et Lotus.<\/p>\n<p>En parall\u00e8le \u00e0 mon travail de graphiste, le projet a continu\u00e9 \u00e0 prendre de l&#8217;ampleur et au fil des ann\u00e9es, les \u00e9tapes menant \u00e0 une production en s\u00e9rie s&#8217;enchain\u00e8rent progressivement jusqu&#8217;\u00e0 ce que toutes les pi\u00e8ces du puzzle prennent leur place respective.<\/div>\n","protected":false},"excerpt":{"rendered":"<p>Qui sommes nous? Flower of Light est un projet d\u00e9marr\u00e9 par Thomas Dupont, infographiste n\u00e9 en France et bas\u00e9 \u00e0 Berlin depuis 1998. Il est designer, sp\u00e9cialis\u00e9 sur le graphisme, webdesign et cr\u00e9ation\/d\u00e9veloppement de d\u00e9coration pour \u00e9v\u00e9nements. &nbsp; Histoire du &hellip; <a class=\"kt-excerpt-readmore\" href=\"https:\/\/floweroflight.de\/fr\/about-us\/\" aria-label=\"Qui sommes nous?\">Lire la suite<\/a><\/p>\n","protected":false},"author":1,"featured_media":0,"parent":0,"menu_order":0,"comment_status":"closed","ping_status":"closed","template":"page-feature.php","meta":{"kt_blocks_editor_width":"","footnotes":""},"class_list":["post-126","page","type-page","status-publish","hentry"],"yoast_head":"<!-- This site is optimized with the Yoast SEO plugin v27.2 - https:\/\/yoast.com\/product\/yoast-seo-wordpress\/ -->\n<title>Qui sommes nous?<\/title>\n<meta name=\"robots\" content=\"index, follow, max-snippet:-1, max-image-preview:large, max-video-preview:-1\" \/>\n<link rel=\"canonical\" href=\"https:\/\/floweroflight.de\/fr\/about-us\/\" \/>\n<meta property=\"og:locale\" content=\"fr_FR\" \/>\n<meta property=\"og:locale:alternate\" content=\"de_DE\" \/>\n<meta property=\"og:locale:alternate\" content=\"en_US\" \/>\n<meta property=\"og:type\" content=\"article\" \/>\n<meta property=\"og:title\" content=\"Qui sommes nous?\" \/>\n<meta property=\"og:description\" content=\"Qui sommes nous? Flower of Light est un projet d\u00e9marr\u00e9 par Thomas Dupont, infographiste n\u00e9 en France et bas\u00e9 \u00e0 Berlin depuis 1998. Il est designer, sp\u00e9cialis\u00e9 sur le graphisme, webdesign et cr\u00e9ation\/d\u00e9veloppement de d\u00e9coration pour \u00e9v\u00e9nements. &nbsp; Histoire du &hellip; Lire la suite\" \/>\n<meta property=\"og:url\" content=\"https:\/\/floweroflight.de\/fr\/about-us\/\" \/>\n<meta property=\"og:site_name\" content=\"Flower of Light\" \/>\n<meta property=\"article:modified_time\" content=\"2017-12-18T13:52:48+00:00\" \/>\n<meta name=\"twitter:card\" content=\"summary_large_image\" \/>\n<meta name=\"twitter:label1\" content=\"Dur\u00e9e de lecture estim\u00e9e\" \/>\n\t<meta name=\"twitter:data1\" content=\"2 minutes\" \/>\n<script type=\"application\/ld+json\" class=\"yoast-schema-graph\">{\"@context\":\"https:\/\/schema.org\",\"@graph\":[{\"@type\":\"WebPage\",\"@id\":\"https:\/\/floweroflight.de\/en\/about-us\/\",\"url\":\"https:\/\/floweroflight.de\/en\/about-us\/\",\"name\":\"Qui sommes nous?\",\"isPartOf\":{\"@id\":\"https:\/\/floweroflight.de\/en\/#website\"},\"datePublished\":\"2017-02-20T01:28:29+00:00\",\"dateModified\":\"2017-12-18T13:52:48+00:00\",\"inLanguage\":\"fr-FR\",\"potentialAction\":[{\"@type\":\"ReadAction\",\"target\":[\"https:\/\/floweroflight.de\/en\/about-us\/\"]}]},{\"@type\":\"WebSite\",\"@id\":\"https:\/\/floweroflight.de\/en\/#website\",\"url\":\"https:\/\/floweroflight.de\/en\/\",\"name\":\"Flower of Light\",\"description\":\"Lamp design - Berlin\",\"potentialAction\":[{\"@type\":\"SearchAction\",\"target\":{\"@type\":\"EntryPoint\",\"urlTemplate\":\"https:\/\/floweroflight.de\/en\/?s={search_term_string}\"},\"query-input\":{\"@type\":\"PropertyValueSpecification\",\"valueRequired\":true,\"valueName\":\"search_term_string\"}}],\"inLanguage\":\"fr-FR\"}]}<\/script>\n<!-- \/ Yoast SEO plugin. -->","yoast_head_json":{"title":"Qui sommes nous?","robots":{"index":"index","follow":"follow","max-snippet":"max-snippet:-1","max-image-preview":"max-image-preview:large","max-video-preview":"max-video-preview:-1"},"canonical":"https:\/\/floweroflight.de\/fr\/about-us\/","og_locale":"fr_FR","og_type":"article","og_title":"[:en]About us[:de]\u00dcber uns[:fr]Qui sommes nous?[:] - Flower of Light","og_description":"Qui sommes nous? Flower of Light est un projet d\u00e9marr\u00e9 par Thomas Dupont, infographiste n\u00e9 en France et bas\u00e9 \u00e0 Berlin depuis 1998. Il est designer, sp\u00e9cialis\u00e9 sur le graphisme, webdesign et cr\u00e9ation\/d\u00e9veloppement de d\u00e9coration pour \u00e9v\u00e9nements. &nbsp; Histoire du &hellip; Lire la suite","og_url":"https:\/\/floweroflight.de\/fr\/about-us\/","og_site_name":"Flower of Light","article_modified_time":"2017-12-18T13:52:48+00:00","twitter_card":"summary_large_image","twitter_misc":{"Dur\u00e9e de lecture estim\u00e9e":"2 minutes"},"schema":{"@context":"https:\/\/schema.org","@graph":[{"@type":"WebPage","@id":"https:\/\/floweroflight.de\/en\/about-us\/","url":"https:\/\/floweroflight.de\/en\/about-us\/","name":"Qui sommes nous?","isPartOf":{"@id":"https:\/\/floweroflight.de\/en\/#website"},"datePublished":"2017-02-20T01:28:29+00:00","dateModified":"2017-12-18T13:52:48+00:00","inLanguage":"fr-FR","potentialAction":[{"@type":"ReadAction","target":["https:\/\/floweroflight.de\/en\/about-us\/"]}]},{"@type":"WebSite","@id":"https:\/\/floweroflight.de\/en\/#website","url":"https:\/\/floweroflight.de\/en\/","name":"Flower of Light","description":"Lamp design - Berlin","potentialAction":[{"@type":"SearchAction","target":{"@type":"EntryPoint","urlTemplate":"https:\/\/floweroflight.de\/en\/?s={search_term_string}"},"query-input":{"@type":"PropertyValueSpecification","valueRequired":true,"valueName":"search_term_string"}}],"inLanguage":"fr-FR"}]}},"_links":{"self":[{"href":"https:\/\/floweroflight.de\/fr\/wp-json\/wp\/v2\/pages\/126","targetHints":{"allow":["GET"]}}],"collection":[{"href":"https:\/\/floweroflight.de\/fr\/wp-json\/wp\/v2\/pages"}],"about":[{"href":"https:\/\/floweroflight.de\/fr\/wp-json\/wp\/v2\/types\/page"}],"author":[{"embeddable":true,"href":"https:\/\/floweroflight.de\/fr\/wp-json\/wp\/v2\/users\/1"}],"replies":[{"embeddable":true,"href":"https:\/\/floweroflight.de\/fr\/wp-json\/wp\/v2\/comments?post=126"}],"version-history":[{"count":15,"href":"https:\/\/floweroflight.de\/fr\/wp-json\/wp\/v2\/pages\/126\/revisions"}],"predecessor-version":[{"id":588,"href":"https:\/\/floweroflight.de\/fr\/wp-json\/wp\/v2\/pages\/126\/revisions\/588"}],"wp:attachment":[{"href":"https:\/\/floweroflight.de\/fr\/wp-json\/wp\/v2\/media?parent=126"}],"curies":[{"name":"wp","href":"https:\/\/api.w.org\/{rel}","templated":true}]}}