{"id":215,"date":"2017-07-10T20:38:32","date_gmt":"2017-07-10T20:38:32","guid":{"rendered":"https:\/\/floweroflight.de\/shipping__delivery\/"},"modified":"2017-09-12T14:03:14","modified_gmt":"2017-09-12T14:03:14","slug":"shipping__delivery","status":"publish","type":"page","link":"https:\/\/floweroflight.de\/fr\/shipping__delivery\/","title":{"rendered":"Envoi et livraison"},"content":{"rendered":"<p><strong>Frais d&#8217;envoi et conditions de livraisons<\/strong><\/p>\n<p>En plus des prix indiqu\u00e9s sur notre site, nous facturons des frais d&#8217;envoi bas\u00e9s sur les tarifs du service postal DHL. Les prix indiqu\u00e9s incluent la TVA (19%).<br \/>\nCes prix peuvent \u00eatre sujet \u00e0 modification de la part de DHL ou si nous changeons de service postal.<\/p>\n<p>Pour les produits \u00e0 t\u00e9l\u00e9charger il n&#8217;y a pas de frais d&#8217;envoi.<\/p>\n<table style=\"border-color: #666666;\" border=\"1\">\n<tbody>\n<tr>\n<td><strong>ZONE D&#8217;ENVOI<\/strong><\/td>\n<td><strong>Prix ( < 1 kg)\n<\/strong><\/td>\n<td><strong>Prix ( < 2 kg)<\/strong><\/td>\n<td><strong>Prix ( < 5 kg)<\/strong><\/td>\n<td><strong>Prestataire<\/strong><\/td>\n<td><strong>D\u00c9LAI DE LIVRAISON<\/strong><\/td>\n<\/tr>\n<tr>\n<td>Allemagne<\/td>\n<td>Standard 4,00 \u20ac<\/p>\n<hr \/>\n<p>Express 12,90 \u20ac<\/td>\n<td>Standard \u00a04,50 \u20ac<\/p>\n<hr \/>\n<p>Express 14,90 \u20ac<\/td>\n<td>Standard \u00a06,99 \u20ac<\/p>\n<hr \/>\n<p>Express 20,90 \u20ac<\/td>\n<td>DHL<\/td>\n<td>3 &#8211; 4 jours ouvr\u00e9s<\/td>\n<\/tr>\n<tr>\n<td>Union Europ\u00e9enne (1)<\/td>\n<td>&#8211;<\/td>\n<td>\u00a09,00 \u20ac<\/td>\n<td>17,99 \u20ac<\/td>\n<td>DHL<\/td>\n<td>4 &#8211; 7 jours ouvr\u00e9s<\/td>\n<\/tr>\n<tr>\n<td>Europe non-UE (2)<\/td>\n<td>&#8211;<\/td>\n<td>\u00a016,00 \u20ac<\/td>\n<td>30,99 \u20ac<\/td>\n<td>DHL<\/td>\n<td>7 &#8211; 10 jours ouvr\u00e9s<\/td>\n<\/tr>\n<tr>\n<td>Suisse<\/td>\n<td>&#8211;<\/td>\n<td>16,00 \u20ac<\/td>\n<td>29,99 \u20ac<\/td>\n<td>DHL<\/td>\n<td>4 &#8211; 7 jours ouvr\u00e9s<\/td>\n<\/tr>\n<tr>\n<td>Australie<\/td>\n<td>&#8211;<\/td>\n<td>16,00 \u20ac<\/td>\n<td>46,99 \u20ac<\/td>\n<td>DHL \/ AUSTRALIA POST<\/td>\n<td>3 &#8211; 4 jours ouvr\u00e9s<\/td>\n<\/tr>\n<tr>\n<td>USA<\/td>\n<td><\/td>\n<td>16,00 \u20ac<\/td>\n<td>37,99 \u20ac<\/td>\n<td>DHL<\/td>\n<td>5 &#8211; 7 jours ouvr\u00e9s<\/td>\n<\/tr>\n<tr>\n<td>Chine<\/td>\n<td>&#8211;<\/td>\n<td>16,00 \u20ac<\/td>\n<td>43,99 \u20ac<\/td>\n<td>DHL<\/td>\n<td>7 &#8211; 10 jours ouvr\u00e9s<\/td>\n<\/tr>\n<tr>\n<td>F\u00e9d\u00e9ration Russe<\/td>\n<td>&#8211;<\/td>\n<td>16,00 \u20ac<\/td>\n<td>31,99 \u20ac<\/td>\n<td>DHL<\/td>\n<td>7 &#8211; 10 jours ouvr\u00e9s<\/td>\n<\/tr>\n<tr>\n<td>Monde Zone 1 (3)<\/td>\n<td>&#8211;<\/td>\n<td>16,00 \u20ac<\/td>\n<td>38,99 \u20ac<\/td>\n<td>DHL<\/td>\n<td>7 &#8211; 14 jours ouvr\u00e9s<\/td>\n<\/tr>\n<tr>\n<td>Monde Zone 2 (4)<\/td>\n<td>&#8211;<\/td>\n<td>16,00 \u20ac<\/td>\n<td>46,99 \u20ac<\/td>\n<td>DHL<\/td>\n<td>7 &#8211; 20 jours ouvr\u00e9s<\/td>\n<\/tr>\n<\/tbody>\n<\/table>\n<p>&nbsp;<\/p>\n<ol>\n<li>Belgique, Bulgarie, Danemark (au\u00dfer F\u00e4r\u00f6er, Gr\u00f6nland), Estonie, Finlande (au\u00dfer \u00c4landinseln), France (au\u00dfer \u00fcberseeische Gebiete und Departements), Gr\u00eace (sauf Athos), Grande-Bretagne (sauf \u00eeles de la Manche), Irlande, Italie (sauf Livigno und Campione d&#8217;Italia), Croatie, Letonie, Lituanie, Luxembourg, Malte, Monaco, Pays-bas (sauf territoires outre-mer), Autriche, Pologne, Portugal, Roumanie, Su\u00e8de, Slovaquiei, Slov\u00e9nie, Espagne (sauf \u00eeles Canaries, Ceuta et Melilla) ,R\u00e9publique Tch\u00e8que, Hongrie, Chypre (sauf Zone Nord)<br \/>\n<hr \/>\n<\/li>\n<li>\u00c4landinseln (Finnland), Andorra, Albanien, Belarus, Berg Athos (Griechenland), Bosnien-Herzegowina, Campione d&#8217;Italia (Italien), Ceuta (Spanien), F\u00e4r\u00f6er-Inseln (D\u00e4nemark), Georgien, Gibraltar (Gro\u00dfbritannien), Gr\u00f6nland (D\u00e4nemark), Island, Kanalinseln (Gro\u00dfbritannien), Kanarische Inseln (Spanien), Kosovo, Liechtenstein, Livigno (Italien), Mazedonien, Melilla (Spanien), Moldau, Montenegro,Norwegen, San Marino, Serbien,T\u00fcrkei,Ukraine, Vatikanstadt, Zypern (Nordteil).<br \/>\n<hr \/>\n<\/li>\n<li>\u00c4gypten, Algerien, Armenien, Aserbaidschan, Israel, Jordanien, Kanada, Kasachstan, Libanon, Libyen, Marokko, Pal\u00e4stinensische Gebiete, St. Pierre und Miquelon (Frankreich), Syrien, Tunesien<br \/>\n<hr \/>\n<\/li>\n<li>Tous les pays non inclus dans les zones d\u00e9crites ci-dessus.<\/li>\n<\/ol>\n","protected":false},"excerpt":{"rendered":"<p>Frais d&#8217;envoi et conditions de livraisons En plus des prix indiqu\u00e9s sur notre site, nous facturons des frais d&#8217;envoi bas\u00e9s sur les tarifs du service postal DHL. Les prix indiqu\u00e9s incluent la TVA (19%). Ces prix peuvent \u00eatre sujet \u00e0 &hellip; <a class=\"kt-excerpt-readmore\" href=\"https:\/\/floweroflight.de\/fr\/shipping__delivery\/\" aria-label=\"Envoi et livraison\">Lire la suite<\/a><\/p>\n","protected":false},"author":1,"featured_media":0,"parent":0,"menu_order":0,"comment_status":"closed","ping_status":"closed","template":"page-fullwidth.php","meta":{"kt_blocks_editor_width":"","footnotes":""},"class_list":["post-215","page","type-page","status-publish","hentry"],"yoast_head":"<!-- This site is optimized with the Yoast SEO plugin v27.2 - https:\/\/yoast.com\/product\/yoast-seo-wordpress\/ -->\n<title>Envoi et livraison<\/title>\n<meta name=\"robots\" content=\"index, follow, max-snippet:-1, max-image-preview:large, max-video-preview:-1\" \/>\n<link rel=\"canonical\" href=\"https:\/\/floweroflight.de\/fr\/shipping__delivery\/\" \/>\n<meta property=\"og:locale\" content=\"fr_FR\" \/>\n<meta property=\"og:locale:alternate\" content=\"de_DE\" \/>\n<meta property=\"og:locale:alternate\" content=\"en_US\" \/>\n<meta property=\"og:type\" content=\"article\" \/>\n<meta property=\"og:title\" content=\"Envoi et livraison\" \/>\n<meta property=\"og:description\" content=\"Frais d&#8217;envoi et conditions de livraisons En plus des prix indiqu\u00e9s sur notre site, nous facturons des frais d&#8217;envoi bas\u00e9s sur les tarifs du service postal DHL. Les prix indiqu\u00e9s incluent la TVA (19%). Ces prix peuvent \u00eatre sujet \u00e0 &hellip; Lire la suite\" \/>\n<meta property=\"og:url\" content=\"https:\/\/floweroflight.de\/fr\/shipping__delivery\/\" \/>\n<meta property=\"og:site_name\" content=\"Flower of Light\" \/>\n<meta property=\"article:modified_time\" content=\"2017-09-12T14:03:14+00:00\" \/>\n<meta name=\"twitter:card\" content=\"summary_large_image\" \/>\n<meta name=\"twitter:label1\" content=\"Dur\u00e9e de lecture estim\u00e9e\" \/>\n\t<meta name=\"twitter:data1\" content=\"5 minutes\" \/>\n<script type=\"application\/ld+json\" class=\"yoast-schema-graph\">{\"@context\":\"https:\/\/schema.org\",\"@graph\":[{\"@type\":\"WebPage\",\"@id\":\"https:\/\/floweroflight.de\/en\/shipping__delivery\/\",\"url\":\"https:\/\/floweroflight.de\/en\/shipping__delivery\/\",\"name\":\"Envoi et livraison\",\"isPartOf\":{\"@id\":\"https:\/\/floweroflight.de\/en\/#website\"},\"datePublished\":\"2017-07-10T20:38:32+00:00\",\"dateModified\":\"2017-09-12T14:03:14+00:00\",\"inLanguage\":\"fr-FR\",\"potentialAction\":[{\"@type\":\"ReadAction\",\"target\":[\"https:\/\/floweroflight.de\/en\/shipping__delivery\/\"]}]},{\"@type\":\"WebSite\",\"@id\":\"https:\/\/floweroflight.de\/en\/#website\",\"url\":\"https:\/\/floweroflight.de\/en\/\",\"name\":\"Flower of Light\",\"description\":\"Lamp design - Berlin\",\"potentialAction\":[{\"@type\":\"SearchAction\",\"target\":{\"@type\":\"EntryPoint\",\"urlTemplate\":\"https:\/\/floweroflight.de\/en\/?s={search_term_string}\"},\"query-input\":{\"@type\":\"PropertyValueSpecification\",\"valueRequired\":true,\"valueName\":\"search_term_string\"}}],\"inLanguage\":\"fr-FR\"}]}<\/script>\n<!-- \/ Yoast SEO plugin. -->","yoast_head_json":{"title":"Envoi et livraison","robots":{"index":"index","follow":"follow","max-snippet":"max-snippet:-1","max-image-preview":"max-image-preview:large","max-video-preview":"max-video-preview:-1"},"canonical":"https:\/\/floweroflight.de\/fr\/shipping__delivery\/","og_locale":"fr_FR","og_type":"article","og_title":"[:en]Shipping & Delivery[:de]Versand & Lieferung[:fr]Envoi et livraison[:] - Flower of Light","og_description":"Frais d&#8217;envoi et conditions de livraisons En plus des prix indiqu\u00e9s sur notre site, nous facturons des frais d&#8217;envoi bas\u00e9s sur les tarifs du service postal DHL. Les prix indiqu\u00e9s incluent la TVA (19%). Ces prix peuvent \u00eatre sujet \u00e0 &hellip; Lire la suite","og_url":"https:\/\/floweroflight.de\/fr\/shipping__delivery\/","og_site_name":"Flower of Light","article_modified_time":"2017-09-12T14:03:14+00:00","twitter_card":"summary_large_image","twitter_misc":{"Dur\u00e9e de lecture estim\u00e9e":"5 minutes"},"schema":{"@context":"https:\/\/schema.org","@graph":[{"@type":"WebPage","@id":"https:\/\/floweroflight.de\/en\/shipping__delivery\/","url":"https:\/\/floweroflight.de\/en\/shipping__delivery\/","name":"Envoi et livraison","isPartOf":{"@id":"https:\/\/floweroflight.de\/en\/#website"},"datePublished":"2017-07-10T20:38:32+00:00","dateModified":"2017-09-12T14:03:14+00:00","inLanguage":"fr-FR","potentialAction":[{"@type":"ReadAction","target":["https:\/\/floweroflight.de\/en\/shipping__delivery\/"]}]},{"@type":"WebSite","@id":"https:\/\/floweroflight.de\/en\/#website","url":"https:\/\/floweroflight.de\/en\/","name":"Flower of Light","description":"Lamp design - Berlin","potentialAction":[{"@type":"SearchAction","target":{"@type":"EntryPoint","urlTemplate":"https:\/\/floweroflight.de\/en\/?s={search_term_string}"},"query-input":{"@type":"PropertyValueSpecification","valueRequired":true,"valueName":"search_term_string"}}],"inLanguage":"fr-FR"}]}},"_links":{"self":[{"href":"https:\/\/floweroflight.de\/fr\/wp-json\/wp\/v2\/pages\/215","targetHints":{"allow":["GET"]}}],"collection":[{"href":"https:\/\/floweroflight.de\/fr\/wp-json\/wp\/v2\/pages"}],"about":[{"href":"https:\/\/floweroflight.de\/fr\/wp-json\/wp\/v2\/types\/page"}],"author":[{"embeddable":true,"href":"https:\/\/floweroflight.de\/fr\/wp-json\/wp\/v2\/users\/1"}],"replies":[{"embeddable":true,"href":"https:\/\/floweroflight.de\/fr\/wp-json\/wp\/v2\/comments?post=215"}],"version-history":[{"count":34,"href":"https:\/\/floweroflight.de\/fr\/wp-json\/wp\/v2\/pages\/215\/revisions"}],"predecessor-version":[{"id":558,"href":"https:\/\/floweroflight.de\/fr\/wp-json\/wp\/v2\/pages\/215\/revisions\/558"}],"wp:attachment":[{"href":"https:\/\/floweroflight.de\/fr\/wp-json\/wp\/v2\/media?parent=215"}],"curies":[{"name":"wp","href":"https:\/\/api.w.org\/{rel}","templated":true}]}}