{"id":216,"date":"2017-07-10T20:38:33","date_gmt":"2017-07-10T20:38:33","guid":{"rendered":"https:\/\/floweroflight.de\/revocation\/"},"modified":"2017-08-21T10:34:32","modified_gmt":"2017-08-21T10:34:32","slug":"revocation","status":"publish","type":"page","link":"https:\/\/floweroflight.de\/fr\/revocation\/","title":{"rendered":"Droit de r\u00e9tractation"},"content":{"rendered":"<h3>Droit de r\u00e9tractation<\/h3>\n<p>Vous avez le droit de vous r\u00e9tracter du pr\u00e9sent contrat sans donner de motif dans un d\u00e9lai de 14 jours.<br \/>\nLe d\u00e9lai de r\u00e9tractation expire 14 jours apr\u00e8s le jour.<br \/>\nPour exercer le droit de r\u00e9tractation, vous devez nous notifier votre d\u00e9cision de r\u00e9tractation du pr\u00e9sent contrat au moyen d&#8217;une d\u00e9claration d\u00e9nu\u00e9e d&#8217;ambigu\u00eft\u00e9 (par exemple, lettre envoy\u00e9e par la poste, t\u00e9l\u00e9copie ou courrier \u00e9lectronique). Vous pouvez utiliser le mod\u00e8le de formulaire de r\u00e9tractation mais ce n&#8217;est pas obligatoire.<\/p>\n<p>Pour que le d\u00e9lai de r\u00e9tractation soit respect\u00e9, il suffit que vous transmettiez votre communication relative \u00e0 l&#8217;exercice du droit de r\u00e9tractation avant l&#8217;expiration du d\u00e9lai de r\u00e9tractation.<\/p>\n<p>Votre responsabilit\u00e9 n&#8217;est engag\u00e9e qu&#8217;\u00e0 l&#8217;\u00e9gard de la d\u00e9pr\u00e9ciation du bien r\u00e9sultant de manipulations autres que celles n\u00e9cessaires pour \u00e9tablir la nature, les caract\u00e9ristiques et le bon fonctionnement de ce bien.<\/p>\n<h3>Effets de r\u00e9tractation<\/h3>\n<p>En cas de r\u00e9tractation de votre part du pr\u00e9sent contrat, nous vous rembourserons tous les paiements re\u00e7us de vous, y compris les frais de livraison (\u00e0 l&#8217;exception des frais suppl\u00e9mentaires d\u00e9coulant du fait que vous avez choisi, le cas \u00e9ch\u00e9ant, un mode de livraison autre que le mode moins co\u00fbteux de livraison standard propos\u00e9 par nous) sans retard excessif et, en tout \u00e9tat de cause, au plus tard 14 jours \u00e0 compter du jour o\u00f9 nous sommes inform\u00e9s de votre d\u00e9cision de r\u00e9tractation du pr\u00e9sent contrat.<\/p>\n<p><span lang=\"fr-FR\">Nous proc\u00e9derons au remboursement en utilisant le m\u00eame moyen de paiement que celui que vous aurez utilis\u00e9 pour la transaction initiale, sauf si vous convenez express\u00e9ment d&#8217;un moyen diff\u00e9rent\u00a0; en tout \u00e9tat de cause, ce remboursement n&#8217;occasionnera pas de frais pour vous <\/span> .<\/p>\n<h3>Exceptions et annulation du droit de r\u00e9tractation.<\/h3>\n<p>Le droit de r\u00e9tractation n&#8217;est pas applicable dans les cas suivants:<\/p>\n<ul>\n<li>Pour la livraison de biens ou produits r\u00e9alis\u00e9s en s\u00e9rie limit\u00e9e, sur mesure et suivant les instructions ou souhaits du client.<\/li>\n<\/ul>\n<p>Le droit de r\u00e9tractation devient non-valide dans les cas suivants:<\/p>\n<ul>\n<li>Livraison de bien scell\u00e9s pour lesquels s&#8217;appliquent des r\u00e8gles hygi\u00e9niques ou pour des raisons d&#8217;hygi\u00e8ne ne peuvent pas \u00eatre restitu\u00e9s apr\u00e8s l&#8217;ouverture du sceau ou de l&#8217;emballage.<\/li>\n<li>Livraison de biens et produits dont l&#8217;usage et fonction entra\u00eenent un contact ou m\u00e9lange avec d&#8217;autres substances et particuli\u00e8rement des mati\u00e8res organiques.<\/li>\n<li>Livraison de produits \u00e9lectroniques y compris tout supports audio et vid\u00e9o, si l&#8217;emballage scell\u00e9 a \u00e9t\u00e9 ouvert.<br \/>\n<hr \/>\n<\/li>\n<\/ul>\n<h3>Formulaire type d&#8217;exercice du droit de r\u00e9tractation<\/h3>\n<p>(Veuillez compl\u00e9ter et renvoyer le pr\u00e9sent formulaire uniquement si vous souhaitez vous r\u00e9tracter du contrat.)<\/p>\n<p>A l&#8217;attention de Flower of Light c\/o Thomas DupontSimplonstra\u00dfe 61, D-10245 Berlin, Allemagne<\/p>\n<p>Je\/nous (*) vous notifie\/notifions (*) par la pr\u00e9sente ma\/notre (*) r\u00e9tractation du contrat portant sur la vente du bien (*)\/pour la prestation de services (*) ci-dessous\u00a0:<\/p>\n<p>Nom du produit\u00a0: &#8230;&#8230;&#8230;&#8230;&#8230;&#8230;&#8230;&#8230;&#8230;&#8230;&#8230;&#8230;&#8230;<\/p>\n<p>Command\u00e9 le (*)\/re\u00e7u le (*)\u00a0:&#8230;&#8230;&#8230;&#8230;&#8230;&#8230;&#8230;&#8230;&#8230;&#8230;&#8230;&#8230;&#8230;<\/p>\n<p>Nom du (des) consommateur(s)\u00a0:&#8230;&#8230;&#8230;&#8230;&#8230;&#8230;&#8230;&#8230;&#8230;&#8230;&#8230;&#8230;&#8230;..<\/p>\n<p>Adresse du (des) consommateur(s)\u00a0:&#8230;&#8230;&#8230;&#8230;&#8230;&#8230;&#8230;&#8230;&#8230;&#8230;&#8230;&#8230;&#8230;&#8230;&#8230;&#8230;&#8230;.<\/p>\n<p>Signature du (des) consommateur(s) (uniquement en cas de notification du pr\u00e9sent formulaire sur papier)\u00a0:&#8230;&#8230;&#8230;&#8230;&#8230;&#8230;&#8230;&#8230;&#8230;&#8230;..<\/p>\n<p>Date\u00a0:&#8230;&#8230;&#8230;&#8230;&#8230;&#8230;&#8230;&#8230;&#8230;&#8230;<\/p>\n<p>(*) Rayez la mention inutile.<\/p>\n","protected":false},"excerpt":{"rendered":"<p>Droit de r\u00e9tractation Vous avez le droit de vous r\u00e9tracter du pr\u00e9sent contrat sans donner de motif dans un d\u00e9lai de 14 jours. Le d\u00e9lai de r\u00e9tractation expire 14 jours apr\u00e8s le jour. Pour exercer le droit de r\u00e9tractation, vous &hellip; <a class=\"kt-excerpt-readmore\" href=\"https:\/\/floweroflight.de\/fr\/revocation\/\" aria-label=\"Droit de r\u00e9tractation\">Lire la suite<\/a><\/p>\n","protected":false},"author":1,"featured_media":0,"parent":0,"menu_order":0,"comment_status":"closed","ping_status":"closed","template":"","meta":{"kt_blocks_editor_width":"","footnotes":""},"class_list":["post-216","page","type-page","status-publish","hentry"],"yoast_head":"<!-- This site is optimized with the Yoast SEO plugin v27.2 - https:\/\/yoast.com\/product\/yoast-seo-wordpress\/ -->\n<title>Droit de r\u00e9tractation<\/title>\n<meta name=\"robots\" content=\"index, follow, max-snippet:-1, max-image-preview:large, max-video-preview:-1\" \/>\n<link rel=\"canonical\" href=\"https:\/\/floweroflight.de\/fr\/revocation\/\" \/>\n<meta property=\"og:locale\" content=\"fr_FR\" \/>\n<meta property=\"og:locale:alternate\" content=\"de_DE\" \/>\n<meta property=\"og:locale:alternate\" content=\"en_US\" \/>\n<meta property=\"og:type\" content=\"article\" \/>\n<meta property=\"og:title\" content=\"Droit de r\u00e9tractation\" \/>\n<meta property=\"og:description\" content=\"Droit de r\u00e9tractation Vous avez le droit de vous r\u00e9tracter du pr\u00e9sent contrat sans donner de motif dans un d\u00e9lai de 14 jours. Le d\u00e9lai de r\u00e9tractation expire 14 jours apr\u00e8s le jour. Pour exercer le droit de r\u00e9tractation, vous &hellip; Lire la suite\" \/>\n<meta property=\"og:url\" content=\"https:\/\/floweroflight.de\/fr\/revocation\/\" \/>\n<meta property=\"og:site_name\" content=\"Flower of Light\" \/>\n<meta property=\"article:modified_time\" content=\"2017-08-21T10:34:32+00:00\" \/>\n<meta name=\"twitter:card\" content=\"summary_large_image\" \/>\n<meta name=\"twitter:label1\" content=\"Dur\u00e9e de lecture estim\u00e9e\" \/>\n\t<meta name=\"twitter:data1\" content=\"9 minutes\" \/>\n<script type=\"application\/ld+json\" class=\"yoast-schema-graph\">{\"@context\":\"https:\/\/schema.org\",\"@graph\":[{\"@type\":\"WebPage\",\"@id\":\"https:\/\/floweroflight.de\/revocation\/\",\"url\":\"https:\/\/floweroflight.de\/revocation\/\",\"name\":\"Droit de r\u00e9tractation\",\"isPartOf\":{\"@id\":\"https:\/\/floweroflight.de\/en\/#website\"},\"datePublished\":\"2017-07-10T20:38:33+00:00\",\"dateModified\":\"2017-08-21T10:34:32+00:00\",\"inLanguage\":\"fr-FR\",\"potentialAction\":[{\"@type\":\"ReadAction\",\"target\":[\"https:\/\/floweroflight.de\/revocation\/\"]}]},{\"@type\":\"WebSite\",\"@id\":\"https:\/\/floweroflight.de\/en\/#website\",\"url\":\"https:\/\/floweroflight.de\/en\/\",\"name\":\"Flower of Light\",\"description\":\"Lamp design - Berlin\",\"potentialAction\":[{\"@type\":\"SearchAction\",\"target\":{\"@type\":\"EntryPoint\",\"urlTemplate\":\"https:\/\/floweroflight.de\/en\/?s={search_term_string}\"},\"query-input\":{\"@type\":\"PropertyValueSpecification\",\"valueRequired\":true,\"valueName\":\"search_term_string\"}}],\"inLanguage\":\"fr-FR\"}]}<\/script>\n<!-- \/ Yoast SEO plugin. -->","yoast_head_json":{"title":"Droit de r\u00e9tractation","robots":{"index":"index","follow":"follow","max-snippet":"max-snippet:-1","max-image-preview":"max-image-preview:large","max-video-preview":"max-video-preview:-1"},"canonical":"https:\/\/floweroflight.de\/fr\/revocation\/","og_locale":"fr_FR","og_type":"article","og_title":"[:en]Revocation[:de]Widerrufsbelehrung[:fr]Droit de r\u00e9tractation[:] - Flower of Light","og_description":"Droit de r\u00e9tractation Vous avez le droit de vous r\u00e9tracter du pr\u00e9sent contrat sans donner de motif dans un d\u00e9lai de 14 jours. Le d\u00e9lai de r\u00e9tractation expire 14 jours apr\u00e8s le jour. Pour exercer le droit de r\u00e9tractation, vous &hellip; Lire la suite","og_url":"https:\/\/floweroflight.de\/fr\/revocation\/","og_site_name":"Flower of Light","article_modified_time":"2017-08-21T10:34:32+00:00","twitter_card":"summary_large_image","twitter_misc":{"Dur\u00e9e de lecture estim\u00e9e":"9 minutes"},"schema":{"@context":"https:\/\/schema.org","@graph":[{"@type":"WebPage","@id":"https:\/\/floweroflight.de\/revocation\/","url":"https:\/\/floweroflight.de\/revocation\/","name":"Droit de r\u00e9tractation","isPartOf":{"@id":"https:\/\/floweroflight.de\/en\/#website"},"datePublished":"2017-07-10T20:38:33+00:00","dateModified":"2017-08-21T10:34:32+00:00","inLanguage":"fr-FR","potentialAction":[{"@type":"ReadAction","target":["https:\/\/floweroflight.de\/revocation\/"]}]},{"@type":"WebSite","@id":"https:\/\/floweroflight.de\/en\/#website","url":"https:\/\/floweroflight.de\/en\/","name":"Flower of Light","description":"Lamp design - Berlin","potentialAction":[{"@type":"SearchAction","target":{"@type":"EntryPoint","urlTemplate":"https:\/\/floweroflight.de\/en\/?s={search_term_string}"},"query-input":{"@type":"PropertyValueSpecification","valueRequired":true,"valueName":"search_term_string"}}],"inLanguage":"fr-FR"}]}},"_links":{"self":[{"href":"https:\/\/floweroflight.de\/fr\/wp-json\/wp\/v2\/pages\/216","targetHints":{"allow":["GET"]}}],"collection":[{"href":"https:\/\/floweroflight.de\/fr\/wp-json\/wp\/v2\/pages"}],"about":[{"href":"https:\/\/floweroflight.de\/fr\/wp-json\/wp\/v2\/types\/page"}],"author":[{"embeddable":true,"href":"https:\/\/floweroflight.de\/fr\/wp-json\/wp\/v2\/users\/1"}],"replies":[{"embeddable":true,"href":"https:\/\/floweroflight.de\/fr\/wp-json\/wp\/v2\/comments?post=216"}],"version-history":[{"count":7,"href":"https:\/\/floweroflight.de\/fr\/wp-json\/wp\/v2\/pages\/216\/revisions"}],"predecessor-version":[{"id":301,"href":"https:\/\/floweroflight.de\/fr\/wp-json\/wp\/v2\/pages\/216\/revisions\/301"}],"wp:attachment":[{"href":"https:\/\/floweroflight.de\/fr\/wp-json\/wp\/v2\/media?parent=216"}],"curies":[{"name":"wp","href":"https:\/\/api.w.org\/{rel}","templated":true}]}}