{"id":218,"date":"2017-07-10T20:38:33","date_gmt":"2017-07-10T20:38:33","guid":{"rendered":"https:\/\/floweroflight.de\/privacy\/"},"modified":"2017-08-24T23:43:34","modified_gmt":"2017-08-24T23:43:34","slug":"privacy","status":"publish","type":"page","link":"https:\/\/floweroflight.de\/fr\/privacy\/","title":{"rendered":"Confidentialit\u00e9"},"content":{"rendered":"<h3 lang=\"en-US\">Table des mati\u00e8res<\/h3>\n<hr \/>\n<ol>\n<li>\n<h4>Objectifs<\/h4>\n<\/li>\n<li>\n<h4>Informations g\u00e9n\u00e9rales<\/h4>\n<\/li>\n<li>\n<h4>Donn\u00e9es personnelles<\/h4>\n<\/li>\n<li>\n<h4>Cookies &#038; mesure d&#8217;audience<\/h4>\n<\/li>\n<li>\n<h4>Google Analytics<\/h4>\n<\/li>\n<li>\n<h4>Google-Re\/Marketing-Services<\/h4>\n<\/li>\n<li>\n<h4>Facebook Social Plugins<\/h4>\n<\/li>\n<li>\n<h4>Facebook Remarketing<\/h4>\n<\/li>\n<li>\n<h4>Jetpack (WordPress Stats)<\/h4>\n<\/li>\n<li>\n<h4>Pinterest<\/h4>\n<\/li>\n<li>\n<h4>Bouton Google+<\/h4>\n<\/li>\n<li>\n<h4>Int\u00e9gration de contenus et scripts de tierce-parti<\/h4>\n<\/li>\n<li>\n<h4>Suppression ou modification de vos donn\u00e9es personnelles<\/h4>\n<\/li>\n<\/ol>\n<hr \/>\n<ol>\n<li>\n<h3>Objectifs<\/h3>\n<p>Cette d\u00e9claration de confidentialit\u00e9 d\u00e9finit la mani\u00e8re et les proc\u00e9d\u00e9s utilis\u00e9s sur ce site internet par rapport au traitement et \u00e0 l&#8217;enregistrement de donn\u00e9es \u00e9lectroniques et informations personnelles. Le terme &#8220;Utilisateur&#8221; d\u00e9signe tous les clients et visiteurs de notre page internet.<\/li>\n<li>\n<h3>Informations g\u00e9n\u00e9rales<\/h3>\n<p>Flower of Light s&#8217;engage \u00e0 prot\u00e9ger la vie priv\u00e9e des personnes utilisant son site web et la confidentialit\u00e9 des informations fournies. Les informations et donn\u00e9es vous concernant, demand\u00e9es par Flower of Light, responsable du traitement, sont n\u00e9cessaires \u00e0 l&#8217;enregistrement et au suivi de votre commande ou de votre vente, \u00e0 la gestion commerciale et marketing de votre dossier et \u00e0 la qualit\u00e9 de nos relations en g\u00e9n\u00e9ral.<\/p>\n<p>Flower of Light n&#8217;est pas responsable de l&#8217;utilisation des informations et des contenus de ses sites web et des programmes int\u00e9gr\u00e9s. Flower of Light n&#8217;est pas responsable de l&#8217;utilisation des liens (\u00ab links \u00bb) et hypertexte qui facilitent l&#8217;acc\u00e8s \u00e0 d&#8217;autres pages web externes \u00e0 Flower of Light, ni du contenu de ces pages web, qui peuvent \u00eatre amen\u00e9es \u00e0 offrir des prestations commerciales et autres services\/biens.<\/p>\n<p>Flower of Light n&#8217;est pas non plus responsable de virus infiltr\u00e9s par des tiers sur son site web.<\/p>\n<p>En r\u00e9sum\u00e9, l&#8217;utilisateur est lui seul responsable de l&#8217;utilisation qu&#8217;il\/elle effectue des services, contenus, liens (links) et hypertextes contenus sur les sites web de Flower of Light.<\/li>\n<li>\n<h3>Donn\u00e9es personnelles<\/h3>\n<p>Les donn\u00e9es \u00e0 caract\u00e8re personnel ne seront collect\u00e9es et trait\u00e9es uniquement dans le cadre du traitement de la relation contractuelle \u00e9tablie avec Flower of Light, notamment elles seront utilis\u00e9es pour effectuer les paiements et pour r\u00e9aliser les envois et retours \u00e0 Mondial Relay. Concr\u00e8tement, les donn\u00e9es personnelles fournies seront utilis\u00e9es pour r\u00e9aliser l&#8217;envoi physique des produits achet\u00e9s, vous contacter en cas d&#8217;incident en relation avec l&#8217;envoi ou le paiement, vous informez sur des \u00e9v\u00e9nements ou des offres.<\/p>\n<p>Flower of Light ne vendra ni c\u00e8dera en aucun cas les donn\u00e9es personnelles fournies sur nos sites Web \u00e0 d&#8217;autres entreprises \u00e0 des fins publicitaires.<\/p>\n<p>Nos proc\u00e9dures de s\u00e9curit\u00e9 peuvent nous amener \u00e0 vous demander une preuve d&#8217;identit\u00e9 avant de pouvoir vous communiquer vos informations personnelles. De plus, il est important de vous prot\u00e9ger contre l&#8217;acc\u00e8s non autoris\u00e9 \u00e0 votre mot de passe et \u00e0 votre ordinateur. Si vous partagez un ordinateur, vous devez vous d\u00e9connecter apr\u00e8s chaque utilisation.<\/p>\n<p><b>S\u00e9curit\u00e9 des donn\u00e9es bancaires:<\/b><\/p>\n<p>Lorsque vous passez commande sur notre site, Flower of Light n&#8217;a pas acc\u00e8s \u00e0 vos coordonn\u00e9es bancaires : celles-ci sont crypt\u00e9es sur le serveur de paiement s\u00e9curis\u00e9 et ne sont \u00e0 aucun moment transmises sur notre serveur informatique. Toutes les informations relatives \u00e0 votre carte de cr\u00e9dit que vous communiquez sont transmises via le protocole de s\u00e9curit\u00e9 puis crypt\u00e9es dans nos bases de donn\u00e9es pour \u00eatre accessibles comme indiqu\u00e9 ci-dessus.<\/p>\n<p>Votre demande de paiement est rout\u00e9e en temps r\u00e9el sur le gestionnaire de t\u00e9l\u00e9paiement s\u00e9curis\u00e9 qui proc\u00e8de aux diverses v\u00e9rifications pour \u00e9viter les abus et les fraudes. La survenance d&#8217;un impay\u00e9 d\u00fb \u00e0 une autorisation frauduleuse d&#8217;une carte bancaire et\/ou les d\u00e9clarations irr\u00e9guli\u00e8res ou mensong\u00e8res d&#8217;un client entra\u00eeneront l&#8217;inscription des coordonn\u00e9es en rapport avec la commande associ\u00e9e \u00e0 cet impay\u00e9 au sein d&#8217;un fichier incident de paiement g\u00e9r\u00e9 par Flower of Light, \u00e0 la mise en place des moyens l\u00e9gaux disponibles pour indemniser Flower of Light et \u00e0 l&#8217;annulation de futures commandes de ce client.<\/p>\n<p>Vous pouvez choisir de m\u00e9moriser les informations relatives \u00e0 votre carte bancaire pour ne pas avoir \u00e0 les ressaisir \u00e0 chaque commande. Votre num\u00e9ro de carte bancaire apparait dans sa totalit\u00e9 lors de votre saisie mais seuls les 4 derniers chiffres seront visibles dans votre compte, les autres \u00e9tant masqu\u00e9s pour des raisons de s\u00e9curit\u00e9.<\/p>\n<p>Conform\u00e9ment \u00e0 la loi du 13 mars 2000 sur la signature \u00e9lectronique, la transmission en ligne de votre num\u00e9ro de carte et la validation finale de votre commande valent pour preuve l&#8217;int\u00e9gralit\u00e9 de la commande et l\u00b4exigibilit\u00e9 des sommes dues en r\u00e8glement de cette demande.<\/li>\n<li>\n<h3>Cookies<\/h3>\n<p>L&#8217;utilisateur est inform\u00e9 que lors de ses visites sur le site, un cookie peut s&#8217;installer automatiquement sur son navigateur, permettant une reconnexion sur le pr\u00e9sent site plus facile en \u00e9vitant de remplir certains \u00e9l\u00e9ments pr\u00e9alablement demand\u00e9s.<\/p>\n<p>L&#8217;utilit\u00e9 du cookie se limite \u00e0 l&#8217;enregistrement de donn\u00e9es de navigation afin de fournir une exp\u00e9rience d&#8217;utilisation optimale. Seul l&#8217;\u00e9metteur d&#8217;un cookie est susceptible de lire ou de modifier des informations qui y sont contenues.<\/p>\n<p>L&#8217;utilisation du site web entra\u00eene automatiquement l&#8217;acceptation de l&#8217;installation des cookies. Cependant, votre configuration Internet permet de vous informer de la pr\u00e9sence de cookies et d&#8217;emp\u00eacher leur installation.<\/li>\n<li>\n<h3>Compl\u00e9ment Google Analytics<\/h3>\n<p>Ce site utilise les services d&#8217;analyse web Google Analytics de la soci\u00e9t\u00e9 Google In. (&#8220;Google&#8221;). Google Analytics utilise des &#8220;Cookies&#8221;, des donn\u00e9es texte, qui sont enregistr\u00e9es sur votre ordinateur (par votre navigateur Internet) et qui permettent d&#8217;analyser votre utilisation du site lors de votre visite. Les donn\u00e9es r\u00e9colt\u00e9es via les Cookies concernant votre utilisation du site sont transf\u00e9r\u00e9es sur un serveur de Google aux USA et enregistr\u00e9es sur place. Dans le cas d&#8217;une activation de l&#8217;anonymisation de l&#8217;IP sur ce site, votre adresse IP sera toutefois compress\u00e9e au pr\u00e9alable par Google, dans les Etats membres de l&#8217;Union Europ\u00e9enne ou dans les autres Etats membres du trait\u00e9 de l&#8217;espace \u00e9conomique europ\u00e9en. Seulement dans des cas exceptionnels, l&#8217;adresse IP compl\u00e8te sera transmise \u00e0 un serveur de Google aux Etats-Unis et alors compress\u00e9e.<\/p>\n<p>Google utilisera ces informations pour le compte du propri\u00e9taire de ce site, afin d&#8217;analyser votre utilisation du site, d&#8217;\u00e9tablir des rapports sur l&#8217;activit\u00e9 des visiteurs et fournir aussi des donn\u00e9es aux services tiers li\u00e9s \u00e0 l&#8217;utilisation du site et d&#8217;Internet. Google ne reliera pas l&#8217;adresse IP transmise par votre navigateur dans le cadre de Google Analytics \u00e0 d&#8217;autres donn\u00e9es Google.<\/p>\n<p>Vous pouvez d\u00e9sactiver l&#8217;installation et l&#8217;utilisation des Cookies par un simple param\u00e9trage de votre logiciel de navigation Internet; nous vous informons cependant qu&#8217;il est alors possible que vous ne puissiez acc\u00e9der \u00e0 toutes les fonctions du site de fa\u00e7on optimale. Mais vous pouvez emp\u00eacher l&#8217;enregistrement des donn\u00e9es personnelles (incluant votre adresse IP) engendr\u00e9 par les Cookie et l&#8217;utilisation du site, ainsi que l&#8217;exploitation de ces donn\u00e9es par Google, en t\u00e9l\u00e9chargeant et installant gr\u00e2ce au lien suivant le Plugin navigateur disponible : http:\/\/tools.google.com\/dlpage\/gaoptout<\/p>\n<p>Vous pouvez emp\u00eacher l&#8217;enregistrement des donn\u00e9es par Google Analytics en cliquant sur ce lien. Un &#8220;cookie d&#8217;opt-out&#8221; sera alors plac\u00e9 sur votre site web et vous permettra de ne pas \u00eatre track\u00e9 durant votre navigation sur ce site.<\/p>\n<p>Vous trouverez plus d&#8217;informations concernant les R\u00e8gles de confidentialit\u00e9 et conditions d&#8217;utilisation de Google Analytics ici ou dans la rubrique A propos de Google Analytics. Veuillez noter que sur ce site, le code Google Analytics &#8220;gat._anonymizeIp();&#8221; a \u00e9t\u00e9 ajout\u00e9 afin d&#8217;assurer la collecte des adresses IP de fa\u00e7on anonyme (IP masking).<\/li>\n<li>\n<h3>Google-Re\/Marketing-Services<\/h3>\n<p>Notre site internet utilise les services de Marketing- et Remarketing (abr. &#8220;Google-Marketing-Services&#8221;) mis \u00e0 disposition par Google Inc., 1600 Amphitheatre Parkway, Mountain View, CA 94043, USA, (&#8220;Google&#8221;).<\/p>\n<p>Pour plus d&#8217;informations sur le type de donn\u00e9es collect\u00e9es et pour quels buts elles sont analys\u00e9es, veuillez consultez la charte de confidentiatlit\u00e9 de Google:<a href=\"https:\/\/www.google.com\/policies\/privacy\">https:\/\/www.google.com\/policies\/privacy<\/a>.<\/p>\n<p>Si vous souhaitez contester la collecte de vos donn\u00e9es personnelles par Google, vous avez la possibilit\u00e9 de visitez la page<a href=\"http:\/\/www.google.com\/ads\/preferences\">http:\/\/www.google.com\/ads\/preferences<\/a>.<\/li>\n<li>\n<h3>Facebook Social Plugins<\/h3>\n<p>Notre site internet utilise les services Social Plugins (&#8220;Plugins&#8221;) du r\u00e9seau socia facebook.com, appartenant \u00e0 Facebook Ireland Ltd., 4 Grand Canal Square, Grand Canal Harbour, Dublin 2, Irland.<\/p>\n<p>Les extensions sont reconnaissables gr\u00e2ce au logos de Facebook (&#8220;F&#8221; blanc sur fond bleu, bouton &#8220;like&#8221; et signe &#8220;pouce vers le haut&#8221;.) ou sont mention\u00e9es comme telle. Un liste des extensions et graphiques utilis\u00e9s par Facebook est disponible ici :<a href=\"https:\/\/developers.facebook.com\/docs\/plugins\/\">https:\/\/developers.facebook.com\/docs\/plugins\/<\/a>.<\/p>\n<p>Si un utilisateur visite un page de notre site contenant des extensions de ce type, son ordinateur connecte automatiquement au serveurs de Facebook. Facebook transmet ses donn\u00e9es au navigateur directement. Nous n&#8217;avons pas d&#8217;influence directe sur le contenu des donn\u00e9es collect\u00e9es par les extensions de Facebook.<\/p>\n<p>Par l&#8217;int\u00e9gration des extensions Facebook recoit l&#8217;information qu&#8217;un utilisateur a visit\u00e9 cette page internet. Si l&#8217;utilisateur est connect\u00e9 \u00e0 son compte Facebook, les donn\u00e9es peuvent \u00eatre connect\u00e9es \u00e0 ce compte. Si l&#8217;utilisateur active l&#8217;une des fonctions comme &#8220;Like&#8221; ou &#8220;Commentaire&#8221;, les informations relatives sont envoy\u00e9es et enregistr\u00e9es directement par les serveurs de Facebook. Si l&#8217;utlisateur n&#8217;est pas connect\u00e9, il est possible que Facebook puisse identifier et enregistrer son adresse-IP. Nous n&#8217;avons pas d&#8217;influence directe sur le contenu des donn\u00e9es collect\u00e9es par les extensions de Facebook.<\/p>\n<p>Pour plus d&#8217;informations sur le type de donn\u00e9es collect\u00e9es et pour quels buts elles sont analys\u00e9es, veuillez consultez la charte de confidentiatlit\u00e9 de Facebook: <a href=\"https:\/\/www.facebook.com\/about\/privacy\/\">https:\/\/www.facebook.com\/about\/privacy\/<\/a>.<\/li>\n<li>\n<h3>Facebook Remarketing<\/h3>\n<p>Notre site internet utilise les services &#8220;Facebook-Pixel&#8221; du r\u00e9seau social facebook.com, mis \u00e0 disposition par Facebook Inc., 1 Hacker Way, Menlo Park, CA 94025, USA, ou si vous r\u00e9sidez dans un pays de l&#8217;Union Europ\u00e9enne Facebook Ireland Ltd., 4 Grand Canal Square, Grand Canal Harbour, Dublin 2, Irland.<\/p>\n<p>Les &#8220;pixels&#8221; nous permettent de d\u00e9terminer des groupes d&#8217;audiences ad\u00e9quates pour le placement de nos publicit\u00e9s. En cons\u00e9quence Facebook ne pr\u00e9sentera des publicit\u00e9s li\u00e9es \u00e0 nos produits son son r\u00e9seau que \u00e0 des utilisateurs ayant montr\u00e9 un int\u00e9r\u00eat pour des utilisateurs ayant montr\u00e9 leur int\u00e9r\u00eat en visitant notre site internet.<\/p>\n<p>Les \u00ab Pixels \u00bb sont int\u00e9gr\u00e9s automatiquement par facebook sur notre page et peuvent installer des cookies. Si vous visitez notre site en \u00e9tant connect\u00e9 \u00e0 Facebook, votre visite pourra \u00eatre enregistrer dans votre profil. Les donn\u00e9es collect\u00e9es restent anonymes, cependant une connection au profil de l&#8217;utilisateur reste possible. L&#8217;utilisation des donn\u00e9es est sujette au conditions de confidencialit\u00e9 de Facebook accessibles sur ce lien. <a href=\"https:\/\/www.facebook.com\/policy.php\">https:\/\/www.facebook.com\/policy.php<\/a>.<\/li>\n<li>\n<h3>Jetpack (WordPress Stats)<\/h3>\n<p>Notre site internet utilise l&#8217;extension Jetpack (en particulier&#8221;Wordpress Stats&#8221;), un outil d&#8217;analyse du traffic de visiteurs mis \u00e0 disposition par Automattic, Inc. 132 Hawthorne Street San Francisco, CA 94107, USA.<br \/>\nJetpack utilise des cookies. Les donn\u00e9es fournies par les cookies sont sauvegard\u00e9es sur les serveurs de Automatic bas\u00e9s aux USA et ne peuvent \u00eatre utilis\u00e9s que pour des fins statistiques et non-commerciales. L&#8217;utilisation des donn\u00e9es est sujette au conditions de confidentialit\u00e9 de Automattic accessibles sur ce lien https:\/\/automattic.com\/privacy\/<\/li>\n<li>\n<h3>Pinterest<\/h3>\n<p>Notre site internet utilise le bouton (&#8220;Pin It&#8221;) du site-internet Pinterest, http:\/\/pinterest.com.<br \/>\nCe bouton permet aux utilisateurs de partager nos articles ou pages sur leur &#8220;pinboard&#8221;.<\/p>\n<p>Pinterest utilise des cookies. Les donn\u00e9es fournies par les cookies sont sauvegard\u00e9es sur les serveurs de Pinterest bas\u00e9s aux USA et ne peuvent \u00eatre utilis\u00e9s que pour des fins statistiques et non-commerciales. Pour plus d&#8217;informations sur le type de donn\u00e9es collect\u00e9es et pour quels buts elles sont analys\u00e9es, veuillez consultez la charte de confidentiatlit\u00e9 de Pinterest <a href=\"http:\/\/pinterest.com\/about\/privacy\/\">http:\/\/pinterest.com\/about\/privacy\/<\/a>.<\/li>\n<li>\n<h3>Google+<\/h3>\n<p>Notre site internet utilise les boutons du r\u00e9seau social Google+ (par exemple le bouton &#8220;+1&#8221;) mis disposition par Google Inc., 1600 Amphitheatre Parkway, Mountain View, CA 94043, United States .<br \/>\nSi un utilisateur visite un page de notre site contenant des extensions de ce type, son ordinateur connecte automatiquement au serveurs de Google. Google transmet ses donn\u00e9es au navigateur directement. Nous n&#8217;avons pas d&#8217;influence directe sur le contenu des donn\u00e9es collect\u00e9es par les extensions de Google.<\/p>\n<p>Selon Google des donn\u00e9es personnelles ne sont coll\u00e9ct\u00e9es que si l&#8217;utilisateur est conn\u00e9ct\u00e9 \u00e0 son compte Google+.<br \/>\nPour plus d&#8217;informations sur le type et l&#8217;usage des donn\u00e9es collect\u00e9es de Google: <a href=\"https:\/\/www.google.com\/policies\/technologies\/ads\/\">https:\/\/www.google.com\/policies\/technologies\/ads\/<\/a>, et la charte de confidentialit\u00e9 <a href=\"https:\/\/www.google.com\/policies\/privacy\/\">https:\/\/www.google.com\/policies\/privacy\/ <\/a>.<\/p>\n<p>Si vous souhaitez contester la collecte de vos donn\u00e9es personnelles par Google, vous avez la possibilit\u00e9 de visitez la page <a href=\"http:\/\/www.google.com\/ads\/preferences\/\">http:\/\/www.google.com\/ads\/preferences\/<\/a>.<\/li>\n<li>\n<h3>Int\u00e9gration et utilisation de contenus et scripts de tierces-parties<\/h3>\n<p>Notre site internet utilise et int\u00e8gre parfois des scripts fournis par des tierce-parties, par exemple des typographies ou des cartes topographiques. L&#8217;utilisation de ces scripts requiert de pouvoir voir l&#8217;adresse IP de l&#8217;utilisateur afin de transmettre leurs contenus. De plus certains scripts peuvent placer des cookies et proc\u00e9der les donn\u00e9es collect\u00e9es \u00e0 leur propres fins.<br \/>\nNous utilisons ces scripts de mani\u00e8re aussi limit\u00e9e que possible. La liste ci-dessous contient les scripts utilis\u00e9s et les liens vers les chartes de confidentialit\u00e9 des services concern\u00e9s.<\/p>\n<p>Typographies externes Google Fonts par Google, Inc., https:\/\/www.google.com\/fonts.<br \/>\nCharte de confidentialit\u00e9 <a href=\"https:\/\/www.google.com\/policies\/privacy\/\">https:\/\/www.google.com\/policies\/privacy\/<\/a><br \/>\nOpt-Out: https:\/\/www.google.com\/settings\/ads\/.<\/p>\n<p>Cartes topographiques &#8220;Google Maps&#8221; par Google, Inc., https:\/\/www.google.com\/fonts.<br \/>\nCharte de confidentialit\u00e9 <a href=\"https:\/\/www.google.com\/policies\/privacy\/\">https:\/\/www.google.com\/policies\/privacy\/<\/a><br \/>\nOpt-Out: https:\/\/www.google.com\/settings\/ads\/.<\/p>\n<p>Videos de la plate-forme &#8220;YouTube&#8221; des Dritt-Anbieters Google Inc., 1600 Amphitheatre Parkway, Mountain View, CA 94043, USA. Charte de confidentialit\u00e9: <a href=\"https:\/\/www.google.com\/policies\/privacy\/\">https:\/\/www.google.com\/policies\/privacy\/<\/a><br \/>\nOpt-Out: https:\/\/www.google.com\/settings\/ads\/.<\/li>\n<li>\n<h3>D\u00e9sinscription, supression ou modification de vos donn\u00e9es personnelles<\/h3>\n<p>Conform\u00e9ment \u00e0 la loi &#8220;Informatique et Libert\u00e9s&#8221; n\u00b0 78-17 du 6 janvier 1978, chaque client dispose d&#8217;un droit d&#8217;acc\u00e8s, de rectification, d&#8217;opposition et de suppression des donn\u00e9es le concernant aupr\u00e8s de Flower of Light.<\/p>\n<p>Pour exercer ce droit, merci de contacter Flower of Light \u00e0 : Flower of Light co\/Thomas Dupont, Simplonstrasse 61, D-10245 Berlin, Allemagne<\/li>\n<\/ol>\n","protected":false},"excerpt":{"rendered":"<p>Table des mati\u00e8res Objectifs Informations g\u00e9n\u00e9rales Donn\u00e9es personnelles Cookies &#038; mesure d&#8217;audience Google Analytics Google-Re\/Marketing-Services Facebook Social Plugins Facebook Remarketing Jetpack (WordPress Stats) Pinterest Bouton Google+ Int\u00e9gration de contenus et scripts de tierce-parti Suppression ou modification de vos donn\u00e9es personnelles &hellip; <a class=\"kt-excerpt-readmore\" href=\"https:\/\/floweroflight.de\/fr\/privacy\/\" aria-label=\"Confidentialit\u00e9\">Lire la suite<\/a><\/p>\n","protected":false},"author":1,"featured_media":0,"parent":0,"menu_order":0,"comment_status":"closed","ping_status":"closed","template":"","meta":{"kt_blocks_editor_width":"","footnotes":""},"class_list":["post-218","page","type-page","status-publish","hentry"],"yoast_head":"<!-- This site is optimized with the Yoast SEO plugin v27.2 - https:\/\/yoast.com\/product\/yoast-seo-wordpress\/ -->\n<title>Confidentialit\u00e9<\/title>\n<meta name=\"robots\" content=\"index, follow, max-snippet:-1, max-image-preview:large, max-video-preview:-1\" \/>\n<link rel=\"canonical\" href=\"https:\/\/floweroflight.de\/fr\/privacy\/\" \/>\n<meta property=\"og:locale\" content=\"fr_FR\" \/>\n<meta property=\"og:locale:alternate\" content=\"de_DE\" \/>\n<meta property=\"og:locale:alternate\" content=\"en_US\" \/>\n<meta property=\"og:type\" content=\"article\" \/>\n<meta property=\"og:title\" content=\"Confidentialit\u00e9\" \/>\n<meta property=\"og:description\" content=\"Table des mati\u00e8res Objectifs Informations g\u00e9n\u00e9rales Donn\u00e9es personnelles Cookies &amp; mesure d&#8217;audience Google Analytics Google-Re\/Marketing-Services Facebook Social Plugins Facebook Remarketing Jetpack (WordPress Stats) Pinterest Bouton Google+ Int\u00e9gration de contenus et scripts de tierce-parti Suppression ou modification de vos donn\u00e9es personnelles &hellip; Lire la suite\" \/>\n<meta property=\"og:url\" content=\"https:\/\/floweroflight.de\/fr\/privacy\/\" \/>\n<meta property=\"og:site_name\" content=\"Flower of Light\" \/>\n<meta property=\"article:modified_time\" content=\"2017-08-24T23:43:34+00:00\" \/>\n<meta name=\"twitter:card\" content=\"summary_large_image\" \/>\n<meta name=\"twitter:label1\" content=\"Dur\u00e9e de lecture estim\u00e9e\" \/>\n\t<meta name=\"twitter:data1\" content=\"39 minutes\" \/>\n<script type=\"application\/ld+json\" class=\"yoast-schema-graph\">{\"@context\":\"https:\/\/schema.org\",\"@graph\":[{\"@type\":\"WebPage\",\"@id\":\"https:\/\/floweroflight.de\/privacy\/\",\"url\":\"https:\/\/floweroflight.de\/privacy\/\",\"name\":\"Confidentialit\u00e9\",\"isPartOf\":{\"@id\":\"https:\/\/floweroflight.de\/en\/#website\"},\"datePublished\":\"2017-07-10T20:38:33+00:00\",\"dateModified\":\"2017-08-24T23:43:34+00:00\",\"inLanguage\":\"fr-FR\",\"potentialAction\":[{\"@type\":\"ReadAction\",\"target\":[\"https:\/\/floweroflight.de\/privacy\/\"]}]},{\"@type\":\"WebSite\",\"@id\":\"https:\/\/floweroflight.de\/en\/#website\",\"url\":\"https:\/\/floweroflight.de\/en\/\",\"name\":\"Flower of Light\",\"description\":\"Lamp design - Berlin\",\"potentialAction\":[{\"@type\":\"SearchAction\",\"target\":{\"@type\":\"EntryPoint\",\"urlTemplate\":\"https:\/\/floweroflight.de\/en\/?s={search_term_string}\"},\"query-input\":{\"@type\":\"PropertyValueSpecification\",\"valueRequired\":true,\"valueName\":\"search_term_string\"}}],\"inLanguage\":\"fr-FR\"}]}<\/script>\n<!-- \/ Yoast SEO plugin. -->","yoast_head_json":{"title":"Confidentialit\u00e9","robots":{"index":"index","follow":"follow","max-snippet":"max-snippet:-1","max-image-preview":"max-image-preview:large","max-video-preview":"max-video-preview:-1"},"canonical":"https:\/\/floweroflight.de\/fr\/privacy\/","og_locale":"fr_FR","og_type":"article","og_title":"[:en]Privacy[:de]Datenschutz[:fr]Confidentialit\u00e9[:] - Flower of Light","og_description":"Table des mati\u00e8res Objectifs Informations g\u00e9n\u00e9rales Donn\u00e9es personnelles Cookies &#038; mesure d&#8217;audience Google Analytics Google-Re\/Marketing-Services Facebook Social Plugins Facebook Remarketing Jetpack (WordPress Stats) Pinterest Bouton Google+ Int\u00e9gration de contenus et scripts de tierce-parti Suppression ou modification de vos donn\u00e9es personnelles &hellip; Lire la suite","og_url":"https:\/\/floweroflight.de\/fr\/privacy\/","og_site_name":"Flower of Light","article_modified_time":"2017-08-24T23:43:34+00:00","twitter_card":"summary_large_image","twitter_misc":{"Dur\u00e9e de lecture estim\u00e9e":"39 minutes"},"schema":{"@context":"https:\/\/schema.org","@graph":[{"@type":"WebPage","@id":"https:\/\/floweroflight.de\/privacy\/","url":"https:\/\/floweroflight.de\/privacy\/","name":"Confidentialit\u00e9","isPartOf":{"@id":"https:\/\/floweroflight.de\/en\/#website"},"datePublished":"2017-07-10T20:38:33+00:00","dateModified":"2017-08-24T23:43:34+00:00","inLanguage":"fr-FR","potentialAction":[{"@type":"ReadAction","target":["https:\/\/floweroflight.de\/privacy\/"]}]},{"@type":"WebSite","@id":"https:\/\/floweroflight.de\/en\/#website","url":"https:\/\/floweroflight.de\/en\/","name":"Flower of Light","description":"Lamp design - Berlin","potentialAction":[{"@type":"SearchAction","target":{"@type":"EntryPoint","urlTemplate":"https:\/\/floweroflight.de\/en\/?s={search_term_string}"},"query-input":{"@type":"PropertyValueSpecification","valueRequired":true,"valueName":"search_term_string"}}],"inLanguage":"fr-FR"}]}},"_links":{"self":[{"href":"https:\/\/floweroflight.de\/fr\/wp-json\/wp\/v2\/pages\/218","targetHints":{"allow":["GET"]}}],"collection":[{"href":"https:\/\/floweroflight.de\/fr\/wp-json\/wp\/v2\/pages"}],"about":[{"href":"https:\/\/floweroflight.de\/fr\/wp-json\/wp\/v2\/types\/page"}],"author":[{"embeddable":true,"href":"https:\/\/floweroflight.de\/fr\/wp-json\/wp\/v2\/users\/1"}],"replies":[{"embeddable":true,"href":"https:\/\/floweroflight.de\/fr\/wp-json\/wp\/v2\/comments?post=218"}],"version-history":[{"count":14,"href":"https:\/\/floweroflight.de\/fr\/wp-json\/wp\/v2\/pages\/218\/revisions"}],"predecessor-version":[{"id":313,"href":"https:\/\/floweroflight.de\/fr\/wp-json\/wp\/v2\/pages\/218\/revisions\/313"}],"wp:attachment":[{"href":"https:\/\/floweroflight.de\/fr\/wp-json\/wp\/v2\/media?parent=218"}],"curies":[{"name":"wp","href":"https:\/\/api.w.org\/{rel}","templated":true}]}}