{"id":219,"date":"2017-07-10T20:38:33","date_gmt":"2017-07-10T20:38:33","guid":{"rendered":"https:\/\/floweroflight.de\/payment_methods\/"},"modified":"2017-08-26T21:00:37","modified_gmt":"2017-08-26T21:00:37","slug":"payment_methods","status":"publish","type":"page","link":"https:\/\/floweroflight.de\/fr\/payment_methods\/","title":{"rendered":"Modes de paiement"},"content":{"rendered":"<p>Nous vous proposons les m\u00e9thodes de paiement suivantes. Les frais d&#8217;envoi varient suivant la destination. Pour certaines m\u00e9thodes, des frais suppl\u00e9mentaires peuvent \u00eatre appliqu\u00e9s par nos partenaires.<\/p>\n<p>Les prix indiqu\u00e9s dans notre site internet s&#8217;entendent comme prix finals et incluent les taxes l\u00e9gales requises (TVA). En cas de commande en dehors des pays de l&#8217;Union Europ\u00e9enne, des taxes d&#8217;import locales peuvent \u00eatre appliqu\u00e9es par la douane du pays concern\u00e9. Ces frais sont \u00e0 la charge de l&#8217;utilisateur et doivent \u00eatre r\u00e8gl\u00e9s aupr\u00e9s de la douane du pays concern\u00e9.<\/p>\n<p>Les frais d&#8217;envoi ne sont pas inclus dans le prix TTC et seront indiqu\u00e9s s\u00e9par\u00e9ment durant la commande. Ceux-ci sont \u00e0 la charge du client et adapt\u00e9s aux differentes zones d&#8217;exp\u00e9dition.<\/p>\n<hr \/>\n<h3>Paiement \u00e0 l&#8217;avance<\/h3>\n<p>Veuillez payer le montant total de la facture (frais d&#8217;envoi inclus) sur notre compte bancaire allemand. Nos coordonn\u00e9es bancaires (IBAN + BIC\/SWIFT) vous serons communiqu\u00e9es dans la confirmation de commande envoy\u00e9e automatiquement par e-mail.<\/p>\n<hr \/>\n<h3><em>PayPal<\/em><\/h3>\n<p>Payer rapidement et en toute s\u00e9curit\u00e9 avec votre compte PayPal.<\/p>\n<hr \/>\n<h3><em>Carte de cr\u00e9dit via Paypal<br \/>\n<\/em><\/h3>\n<p>Pas de compte PayPal? Pas de probl\u00e8me! PayPal offre la possibilit\u00e9 de payer sans compte-client, directement et en toute s\u00e9curit\u00e9 avec votre carte de cr\u00e9dit. (VISA, Mastercard, American Express, Discover Network)<\/p>\n","protected":false},"excerpt":{"rendered":"<p>Nous vous proposons les m\u00e9thodes de paiement suivantes. Les frais d&#8217;envoi varient suivant la destination. Pour certaines m\u00e9thodes, des frais suppl\u00e9mentaires peuvent \u00eatre appliqu\u00e9s par nos partenaires. Les prix indiqu\u00e9s dans notre site internet s&#8217;entendent comme prix finals et incluent &hellip; <a class=\"kt-excerpt-readmore\" href=\"https:\/\/floweroflight.de\/fr\/payment_methods\/\" aria-label=\"Modes de paiement\">Lire la suite<\/a><\/p>\n","protected":false},"author":1,"featured_media":0,"parent":0,"menu_order":0,"comment_status":"closed","ping_status":"closed","template":"","meta":{"kt_blocks_editor_width":"","footnotes":""},"class_list":["post-219","page","type-page","status-publish","hentry"],"yoast_head":"<!-- This site is optimized with the Yoast SEO plugin v27.2 - https:\/\/yoast.com\/product\/yoast-seo-wordpress\/ -->\n<title>Modes de paiement<\/title>\n<meta name=\"robots\" content=\"index, follow, max-snippet:-1, max-image-preview:large, max-video-preview:-1\" \/>\n<link rel=\"canonical\" href=\"https:\/\/floweroflight.de\/fr\/payment_methods\/\" \/>\n<meta property=\"og:locale\" content=\"fr_FR\" \/>\n<meta property=\"og:locale:alternate\" content=\"de_DE\" \/>\n<meta property=\"og:locale:alternate\" content=\"en_US\" \/>\n<meta property=\"og:type\" content=\"article\" \/>\n<meta property=\"og:title\" content=\"Modes de paiement\" \/>\n<meta property=\"og:description\" content=\"Nous vous proposons les m\u00e9thodes de paiement suivantes. Les frais d&#8217;envoi varient suivant la destination. Pour certaines m\u00e9thodes, des frais suppl\u00e9mentaires peuvent \u00eatre appliqu\u00e9s par nos partenaires. Les prix indiqu\u00e9s dans notre site internet s&#8217;entendent comme prix finals et incluent &hellip; Lire la suite\" \/>\n<meta property=\"og:url\" content=\"https:\/\/floweroflight.de\/fr\/payment_methods\/\" \/>\n<meta property=\"og:site_name\" content=\"Flower of Light\" \/>\n<meta property=\"article:modified_time\" content=\"2017-08-26T21:00:37+00:00\" \/>\n<meta name=\"twitter:card\" content=\"summary_large_image\" \/>\n<meta name=\"twitter:label1\" content=\"Dur\u00e9e de lecture estim\u00e9e\" \/>\n\t<meta name=\"twitter:data1\" content=\"3 minutes\" \/>\n<script type=\"application\/ld+json\" class=\"yoast-schema-graph\">{\"@context\":\"https:\/\/schema.org\",\"@graph\":[{\"@type\":\"WebPage\",\"@id\":\"https:\/\/floweroflight.de\/en\/payment_methods\/\",\"url\":\"https:\/\/floweroflight.de\/en\/payment_methods\/\",\"name\":\"Modes de paiement\",\"isPartOf\":{\"@id\":\"https:\/\/floweroflight.de\/en\/#website\"},\"datePublished\":\"2017-07-10T20:38:33+00:00\",\"dateModified\":\"2017-08-26T21:00:37+00:00\",\"inLanguage\":\"fr-FR\",\"potentialAction\":[{\"@type\":\"ReadAction\",\"target\":[\"https:\/\/floweroflight.de\/en\/payment_methods\/\"]}]},{\"@type\":\"WebSite\",\"@id\":\"https:\/\/floweroflight.de\/en\/#website\",\"url\":\"https:\/\/floweroflight.de\/en\/\",\"name\":\"Flower of Light\",\"description\":\"Lamp design - Berlin\",\"potentialAction\":[{\"@type\":\"SearchAction\",\"target\":{\"@type\":\"EntryPoint\",\"urlTemplate\":\"https:\/\/floweroflight.de\/en\/?s={search_term_string}\"},\"query-input\":{\"@type\":\"PropertyValueSpecification\",\"valueRequired\":true,\"valueName\":\"search_term_string\"}}],\"inLanguage\":\"fr-FR\"}]}<\/script>\n<!-- \/ Yoast SEO plugin. -->","yoast_head_json":{"title":"Modes de paiement","robots":{"index":"index","follow":"follow","max-snippet":"max-snippet:-1","max-image-preview":"max-image-preview:large","max-video-preview":"max-video-preview:-1"},"canonical":"https:\/\/floweroflight.de\/fr\/payment_methods\/","og_locale":"fr_FR","og_type":"article","og_title":"[:en]Payment methods[:de]Zahlungsarten[:fr]Modes de paiement[:] - Flower of Light","og_description":"Nous vous proposons les m\u00e9thodes de paiement suivantes. Les frais d&#8217;envoi varient suivant la destination. Pour certaines m\u00e9thodes, des frais suppl\u00e9mentaires peuvent \u00eatre appliqu\u00e9s par nos partenaires. Les prix indiqu\u00e9s dans notre site internet s&#8217;entendent comme prix finals et incluent &hellip; Lire la suite","og_url":"https:\/\/floweroflight.de\/fr\/payment_methods\/","og_site_name":"Flower of Light","article_modified_time":"2017-08-26T21:00:37+00:00","twitter_card":"summary_large_image","twitter_misc":{"Dur\u00e9e de lecture estim\u00e9e":"3 minutes"},"schema":{"@context":"https:\/\/schema.org","@graph":[{"@type":"WebPage","@id":"https:\/\/floweroflight.de\/en\/payment_methods\/","url":"https:\/\/floweroflight.de\/en\/payment_methods\/","name":"Modes de paiement","isPartOf":{"@id":"https:\/\/floweroflight.de\/en\/#website"},"datePublished":"2017-07-10T20:38:33+00:00","dateModified":"2017-08-26T21:00:37+00:00","inLanguage":"fr-FR","potentialAction":[{"@type":"ReadAction","target":["https:\/\/floweroflight.de\/en\/payment_methods\/"]}]},{"@type":"WebSite","@id":"https:\/\/floweroflight.de\/en\/#website","url":"https:\/\/floweroflight.de\/en\/","name":"Flower of Light","description":"Lamp design - Berlin","potentialAction":[{"@type":"SearchAction","target":{"@type":"EntryPoint","urlTemplate":"https:\/\/floweroflight.de\/en\/?s={search_term_string}"},"query-input":{"@type":"PropertyValueSpecification","valueRequired":true,"valueName":"search_term_string"}}],"inLanguage":"fr-FR"}]}},"_links":{"self":[{"href":"https:\/\/floweroflight.de\/fr\/wp-json\/wp\/v2\/pages\/219","targetHints":{"allow":["GET"]}}],"collection":[{"href":"https:\/\/floweroflight.de\/fr\/wp-json\/wp\/v2\/pages"}],"about":[{"href":"https:\/\/floweroflight.de\/fr\/wp-json\/wp\/v2\/types\/page"}],"author":[{"embeddable":true,"href":"https:\/\/floweroflight.de\/fr\/wp-json\/wp\/v2\/users\/1"}],"replies":[{"embeddable":true,"href":"https:\/\/floweroflight.de\/fr\/wp-json\/wp\/v2\/comments?post=219"}],"version-history":[{"count":9,"href":"https:\/\/floweroflight.de\/fr\/wp-json\/wp\/v2\/pages\/219\/revisions"}],"predecessor-version":[{"id":342,"href":"https:\/\/floweroflight.de\/fr\/wp-json\/wp\/v2\/pages\/219\/revisions\/342"}],"wp:attachment":[{"href":"https:\/\/floweroflight.de\/fr\/wp-json\/wp\/v2\/media?parent=219"}],"curies":[{"name":"wp","href":"https:\/\/api.w.org\/{rel}","templated":true}]}}