{"id":35,"date":"2015-10-12T23:38:06","date_gmt":"2015-10-12T23:38:06","guid":{"rendered":"https:\/\/floweroflight.de\/?post_type=product&#038;p=35"},"modified":"2026-03-01T15:40:41","modified_gmt":"2026-03-01T15:40:41","slug":"lotus-lampshade","status":"publish","type":"product","link":"https:\/\/floweroflight.de\/fr\/shop\/lotus-lampshade\/","title":{"rendered":"Lotus"},"content":{"rendered":"<p>L\u2019abat-jour \u00ab\u00a0Lotus\u00a0\u00bb est inspir\u00e9 ,comme son nom l\u2019indique, des fleurs de lotus mais aussi de magnolia. Il est compos\u00e9 de 13 \u00e9l\u00e9ments s\u2019embo\u00eetant sans colle. Comme dessiner un mandala, c\u2019est aussi un exercice de r\u00e9p\u00e9tition \u00e0 caract\u00e8re m\u00e9ditatif.<\/p>\n<p>Age minimum recommand\u00e9: 9 ans +<\/p>\n<ul>\n<li>disponible en blanc, blanc-orange, blanc-vert citron, blanc-violet, rouge &#8211; vert citron<\/li>\n<li>l\u00e9ger et robuste<\/li>\n<li>r\u00e9sistant \u00e0 la chaleur et \u00e0 l&#8217;humidit\u00e9<\/li>\n<li>lavable sous la douche<\/li>\n<li>envoi en kit plat dans un emballage en carton recycl\u00e9<\/li>\n<\/ul>\n<h5><strong>Details:<\/strong><\/h5>\n<ul>\n<li>mat\u00e9riel: Polypropyl\u00e8ne (PP) 0.4 mm, r\u00e9sistant \u00e0 la chaleur 160\u00b0 C<\/li>\n<li>contient 13 pi\u00e9ces + instuctions de montage<\/li>\n<li><strong>montage environ 15 Minutes<\/strong><\/li>\n<li>compatible avec les douilles E27 et E14 standard.<\/li>\n<\/ul>\n<p><span style=\"color: #ff0000;\"><strong>PIED DE LAMPE, DOUILLE ET AMPOULE NON-INCLUS!<\/strong><\/span><\/p>\n","protected":false},"excerpt":{"rendered":"<p>Abat-jour &#8220;LOTUS&#8221;<\/p>\n<ul>\n<li>disponible en blanc, blanc-orange, blanc-vert citron, blanc-violet, rouge &#8211; vert citron<\/li>\n<li>mat\u00e9riel: Polypropylene (PP) 0.4 mm, r\u00e9sistant \u00e0 la chaleur ( > 130\u00b0 C)<\/li>\n<li>contient 13 pi\u00e9ces + instuctions de montage<\/li>\n<li><strong>montage environ 15 Minutes<\/strong><\/li>\n<li>compatible avec les douilles E27 et E14 \u00e0 filetage externe standard.<\/li>\n<\/ul>\n<p><strong>PIED DE LAMPE, DOUILLE ET AMPOULE NON-INCLUS!<\/strong><\/p>\n","protected":false},"featured_media":0,"comment_status":"closed","ping_status":"closed","template":"","meta":{"kt_blocks_editor_width":""},"product_brand":[],"product_cat":[18],"product_tag":[],"class_list":{"0":"post-35","1":"product","2":"type-product","3":"status-publish","5":"product_cat-shades","7":"first","8":"instock","9":"featured","10":"shipping-taxable","11":"purchasable","12":"product-type-variable","13":"has-default-attributes"},"yoast_head":"<!-- This site is optimized with the Yoast SEO plugin v27.2 - https:\/\/yoast.com\/product\/yoast-seo-wordpress\/ -->\n<title>Lotus<\/title>\n<meta name=\"description\" content=\"{:en}Modular lampshade LOTUS by Flower of Light{:de}Lampenschirm aus modulare Elemente{:}\" \/>\n<meta name=\"robots\" content=\"index, follow, max-snippet:-1, max-image-preview:large, max-video-preview:-1\" \/>\n<link rel=\"canonical\" href=\"https:\/\/floweroflight.de\/fr\/shop\/lotus-lampshade\/\" \/>\n<meta property=\"og:locale\" content=\"fr_FR\" \/>\n<meta property=\"og:locale:alternate\" content=\"de_DE\" \/>\n<meta property=\"og:locale:alternate\" content=\"en_US\" \/>\n<meta property=\"og:type\" content=\"article\" \/>\n<meta property=\"og:title\" content=\"Lotus lampshade\" \/>\n<meta property=\"og:description\" content=\"{:en}Modular lampshade LOTUS by Flower of Light{:de}Lampenschirm aus modulare Elemente{:}\" \/>\n<meta property=\"og:url\" content=\"https:\/\/floweroflight.de\/fr\/shop\/lotus-lampshade\/\" \/>\n<meta property=\"og:site_name\" content=\"Flower of Light\" \/>\n<meta property=\"article:modified_time\" content=\"2026-03-01T15:40:41+00:00\" \/>\n<meta property=\"og:image\" content=\"https:\/\/floweroflight.de\/wp-content\/uploads\/2015\/10\/DSC_5280.jpg\" \/>\n\t<meta property=\"og:image:width\" content=\"1280\" \/>\n\t<meta property=\"og:image:height\" content=\"641\" \/>\n\t<meta property=\"og:image:type\" content=\"image\/jpeg\" \/>\n<meta name=\"twitter:card\" content=\"summary_large_image\" \/>\n<meta name=\"twitter:label1\" content=\"Dur\u00e9e de lecture estim\u00e9e\" \/>\n\t<meta name=\"twitter:data1\" content=\"1 minute\" \/>\n<script type=\"application\/ld+json\" class=\"yoast-schema-graph\">{\"@context\":\"https:\/\/schema.org\",\"@graph\":[{\"@type\":\"WebPage\",\"@id\":\"https:\/\/floweroflight.de\/en\/shop\/lotus-lampshade\/\",\"url\":\"https:\/\/floweroflight.de\/en\/shop\/lotus-lampshade\/\",\"name\":\"Lotus\",\"isPartOf\":{\"@id\":\"https:\/\/floweroflight.de\/en\/#website\"},\"datePublished\":\"2015-10-12T23:38:06+00:00\",\"dateModified\":\"2026-03-01T15:40:41+00:00\",\"description\":\"{:en}Modular lampshade LOTUS by Flower of Light{:de}Lampenschirm aus modulare Elemente{:}\",\"breadcrumb\":{\"@id\":\"https:\/\/floweroflight.de\/en\/shop\/lotus-lampshade\/#breadcrumb\"},\"inLanguage\":\"fr-FR\",\"potentialAction\":[{\"@type\":\"ReadAction\",\"target\":[\"https:\/\/floweroflight.de\/en\/shop\/lotus-lampshade\/\"]}]},{\"@type\":\"BreadcrumbList\",\"@id\":\"https:\/\/floweroflight.de\/en\/shop\/lotus-lampshade\/#breadcrumb\",\"itemListElement\":[{\"@type\":\"ListItem\",\"position\":1,\"name\":\"Shop\",\"item\":\"https:\/\/floweroflight.de\/en\/shop\/\"},{\"@type\":\"ListItem\",\"position\":2,\"name\":\"LOTUS\"}]},{\"@type\":\"WebSite\",\"@id\":\"https:\/\/floweroflight.de\/en\/#website\",\"url\":\"https:\/\/floweroflight.de\/en\/\",\"name\":\"Flower of Light\",\"description\":\"Lamp design - Berlin\",\"potentialAction\":[{\"@type\":\"SearchAction\",\"target\":{\"@type\":\"EntryPoint\",\"urlTemplate\":\"https:\/\/floweroflight.de\/en\/?s={search_term_string}\"},\"query-input\":{\"@type\":\"PropertyValueSpecification\",\"valueRequired\":true,\"valueName\":\"search_term_string\"}}],\"inLanguage\":\"fr-FR\"}]}<\/script>\n<!-- \/ Yoast SEO plugin. -->","yoast_head_json":{"title":"Lotus","description":"{:en}Modular lampshade LOTUS by Flower of Light{:de}Lampenschirm aus modulare Elemente{:}","robots":{"index":"index","follow":"follow","max-snippet":"max-snippet:-1","max-image-preview":"max-image-preview:large","max-video-preview":"max-video-preview:-1"},"canonical":"https:\/\/floweroflight.de\/fr\/shop\/lotus-lampshade\/","og_locale":"fr_FR","og_type":"article","og_title":"Lotus lampshade","og_description":"{:en}Modular lampshade LOTUS by Flower of Light{:de}Lampenschirm aus modulare Elemente{:}","og_url":"https:\/\/floweroflight.de\/fr\/shop\/lotus-lampshade\/","og_site_name":"Flower of Light","article_modified_time":"2026-03-01T15:40:41+00:00","og_image":[{"width":1280,"height":641,"url":"https:\/\/floweroflight.de\/wp-content\/uploads\/2015\/10\/DSC_5280.jpg","type":"image\/jpeg"}],"twitter_card":"summary_large_image","twitter_misc":{"Dur\u00e9e de lecture estim\u00e9e":"1 minute"},"schema":{"@context":"https:\/\/schema.org","@graph":[{"@type":"WebPage","@id":"https:\/\/floweroflight.de\/en\/shop\/lotus-lampshade\/","url":"https:\/\/floweroflight.de\/en\/shop\/lotus-lampshade\/","name":"Lotus","isPartOf":{"@id":"https:\/\/floweroflight.de\/en\/#website"},"datePublished":"2015-10-12T23:38:06+00:00","dateModified":"2026-03-01T15:40:41+00:00","description":"{:en}Modular lampshade LOTUS by Flower of Light{:de}Lampenschirm aus modulare Elemente{:}","breadcrumb":{"@id":"https:\/\/floweroflight.de\/en\/shop\/lotus-lampshade\/#breadcrumb"},"inLanguage":"fr-FR","potentialAction":[{"@type":"ReadAction","target":["https:\/\/floweroflight.de\/en\/shop\/lotus-lampshade\/"]}]},{"@type":"BreadcrumbList","@id":"https:\/\/floweroflight.de\/en\/shop\/lotus-lampshade\/#breadcrumb","itemListElement":[{"@type":"ListItem","position":1,"name":"Shop","item":"https:\/\/floweroflight.de\/en\/shop\/"},{"@type":"ListItem","position":2,"name":"LOTUS"}]},{"@type":"WebSite","@id":"https:\/\/floweroflight.de\/en\/#website","url":"https:\/\/floweroflight.de\/en\/","name":"Flower of Light","description":"Lamp design - Berlin","potentialAction":[{"@type":"SearchAction","target":{"@type":"EntryPoint","urlTemplate":"https:\/\/floweroflight.de\/en\/?s={search_term_string}"},"query-input":{"@type":"PropertyValueSpecification","valueRequired":true,"valueName":"search_term_string"}}],"inLanguage":"fr-FR"}]}},"_links":{"self":[{"href":"https:\/\/floweroflight.de\/fr\/wp-json\/wp\/v2\/product\/35","targetHints":{"allow":["GET"]}}],"collection":[{"href":"https:\/\/floweroflight.de\/fr\/wp-json\/wp\/v2\/product"}],"about":[{"href":"https:\/\/floweroflight.de\/fr\/wp-json\/wp\/v2\/types\/product"}],"replies":[{"embeddable":true,"href":"https:\/\/floweroflight.de\/fr\/wp-json\/wp\/v2\/comments?post=35"}],"version-history":[{"count":2,"href":"https:\/\/floweroflight.de\/fr\/wp-json\/wp\/v2\/product\/35\/revisions"}],"predecessor-version":[{"id":7777,"href":"https:\/\/floweroflight.de\/fr\/wp-json\/wp\/v2\/product\/35\/revisions\/7777"}],"wp:attachment":[{"href":"https:\/\/floweroflight.de\/fr\/wp-json\/wp\/v2\/media?parent=35"}],"wp:term":[{"taxonomy":"product_brand","embeddable":true,"href":"https:\/\/floweroflight.de\/fr\/wp-json\/wp\/v2\/product_brand?post=35"},{"taxonomy":"product_cat","embeddable":true,"href":"https:\/\/floweroflight.de\/fr\/wp-json\/wp\/v2\/product_cat?post=35"},{"taxonomy":"product_tag","embeddable":true,"href":"https:\/\/floweroflight.de\/fr\/wp-json\/wp\/v2\/product_tag?post=35"}],"curies":[{"name":"wp","href":"https:\/\/api.w.org\/{rel}","templated":true}]}}