{"id":4662,"date":"2019-11-27T18:57:40","date_gmt":"2019-11-27T18:57:40","guid":{"rendered":"https:\/\/floweroflight.de\/?post_type=product&#038;p=4662"},"modified":"2021-11-08T10:39:16","modified_gmt":"2021-11-08T10:39:16","slug":"chakra","status":"publish","type":"product","link":"https:\/\/floweroflight.de\/fr\/shop\/chakra\/","title":{"rendered":"Chakra"},"content":{"rendered":"<p>L&#8217;abat-jour pour lampe de plafond &#8220;Chakra&#8221; trouve son origine dans le symbole du &#8220;Chakra-couronne&#8221; mais son design est aussi inspir\u00e9 de la fleur d&#8217;artichaut.<br \/>\nIl est compos\u00e9 de 85 \u00e9l\u00e9ments \u00e0 assembler soi-m\u00eame (sans colle). Comme un mandala-3D \u00e0 monter soi-m\u00eame, la r\u00e9p\u00e9tition en sens circulaire des mouvements durant le montage peut \u00eatre vue comme un exercice m\u00e9ditatif. En raison du grand nombre de pi\u00e8ces, cet abat-jour requiert un minimum de patience et de pr\u00e9cision, mais le r\u00e9sultat en vaut la peine!<br \/>\nGrace aux trous dans les p\u00e9tales de nombreux points lumineux apparaissent sur les murs et au plafond.<\/p>\n<ul>\n<li>disponible en blanc<\/li>\n<li>l\u00e9ger et robuste<\/li>\n<li>r\u00e9sistant \u00e0 la chaleur et \u00e0 l&#8217;humidit\u00e9<\/li>\n<li>lavable sous la douche<\/li>\n<li>envoi en kit plat dans un emballage en carton recycl\u00e9<\/li>\n<\/ul>\n<p><strong>Details:<\/strong><\/p>\n<ul>\n<li>mat\u00e9riel: Polypropyl\u00e8ne (PP) 0.4 mm, r\u00e9sistant \u00e0 la chaleur 160\u00b0 C<br \/>\n<em>(le contact direct entre ampoule et abat-jour doit \u00eatre \u00e9vit\u00e9 \u00e0 tout moment)<\/em><\/li>\n<li>contient 85 pi\u00e9ces + instuctions de montage<\/li>\n<li><strong>montage environ 45 Minutes<\/strong><\/li>\n<li>compatible avec les douilles E27 et E14 standard.<\/li>\n<\/ul>\n<p><span style=\"color: #ff0000;\"><strong>PIED DE LAMPE, DOUILLE ET AMPOULE NON-INCLUS!<\/strong><\/span><\/p>\n","protected":false},"excerpt":{"rendered":"<p>Abat-jour &#8220;Chakra&#8221; compos\u00e9 d\u00b4&#8217;\u00e9l\u00e8ments modulaires, \u00e0 monter soi-m\u00eame<\/p>\n<ul>\n<li>disponible en blanc<\/li>\n<li>l\u00e9ger et robuste<\/li>\n<li>r\u00e9sistant \u00e0 la chaleur et humidit\u00e9<\/li>\n<li>lavable sous la douche<\/li>\n<\/ul>\n","protected":false},"featured_media":253,"comment_status":"closed","ping_status":"closed","template":"","meta":{"kt_blocks_editor_width":""},"product_brand":[],"product_cat":[18],"product_tag":[],"class_list":{"0":"post-4662","1":"product","2":"type-product","3":"status-publish","4":"has-post-thumbnail","6":"product_cat-shades","8":"first","9":"instock","10":"featured","11":"shipping-taxable","12":"purchasable","13":"product-type-variable"},"yoast_head":"<!-- This site is optimized with the Yoast SEO plugin v27.2 - https:\/\/yoast.com\/product\/yoast-seo-wordpress\/ -->\n<title>Chakra<\/title>\n<meta name=\"robots\" content=\"index, follow, max-snippet:-1, max-image-preview:large, max-video-preview:-1\" \/>\n<link rel=\"canonical\" href=\"https:\/\/floweroflight.de\/fr\/shop\/chakra\/\" \/>\n<meta property=\"og:locale\" content=\"fr_FR\" \/>\n<meta property=\"og:locale:alternate\" content=\"de_DE\" \/>\n<meta property=\"og:locale:alternate\" content=\"en_US\" \/>\n<meta property=\"og:type\" content=\"article\" \/>\n<meta property=\"og:title\" content=\"Chakra\" \/>\n<meta property=\"og:description\" content=\"Abat-jour &quot;Chakra&quot; compos\u00e9 d\u00b4&#039;\u00e9l\u00e8ments modulaires, \u00e0 monter soi-m\u00eame   disponible en blanc  l\u00e9ger et robuste  r\u00e9sistant \u00e0 la chaleur et humidit\u00e9  lavable sous la douche\" \/>\n<meta property=\"og:url\" content=\"https:\/\/floweroflight.de\/fr\/shop\/chakra\/\" \/>\n<meta property=\"og:site_name\" content=\"Flower of Light\" \/>\n<meta property=\"article:modified_time\" content=\"2021-11-08T10:39:16+00:00\" \/>\n<meta property=\"og:image\" content=\"https:\/\/floweroflight.de\/wp-content\/uploads\/2015\/10\/fol-chakra-50cm-01.jpg\" \/>\n\t<meta property=\"og:image:width\" content=\"1280\" \/>\n\t<meta property=\"og:image:height\" content=\"960\" \/>\n\t<meta property=\"og:image:type\" content=\"image\/jpeg\" \/>\n<meta name=\"twitter:card\" content=\"summary_large_image\" \/>\n<meta name=\"twitter:label1\" content=\"Dur\u00e9e de lecture estim\u00e9e\" \/>\n\t<meta name=\"twitter:data1\" content=\"3 minutes\" \/>\n<script type=\"application\/ld+json\" class=\"yoast-schema-graph\">{\"@context\":\"https:\/\/schema.org\",\"@graph\":[{\"@type\":\"WebPage\",\"@id\":\"https:\/\/floweroflight.de\/en\/shop\/chakra\/\",\"url\":\"https:\/\/floweroflight.de\/en\/shop\/chakra\/\",\"name\":\"Chakra\",\"isPartOf\":{\"@id\":\"https:\/\/floweroflight.de\/en\/#website\"},\"primaryImageOfPage\":{\"@id\":\"https:\/\/floweroflight.de\/en\/shop\/chakra\/#primaryimage\"},\"image\":{\"@id\":\"https:\/\/floweroflight.de\/en\/shop\/chakra\/#primaryimage\"},\"thumbnailUrl\":\"https:\/\/floweroflight.de\/wp-content\/uploads\/2015\/10\/fol-chakra-50cm-01.jpg\",\"datePublished\":\"2019-11-27T18:57:40+00:00\",\"dateModified\":\"2021-11-08T10:39:16+00:00\",\"breadcrumb\":{\"@id\":\"https:\/\/floweroflight.de\/en\/shop\/chakra\/#breadcrumb\"},\"inLanguage\":\"fr-FR\",\"potentialAction\":[{\"@type\":\"ReadAction\",\"target\":[\"https:\/\/floweroflight.de\/en\/shop\/chakra\/\"]}]},{\"@type\":\"ImageObject\",\"inLanguage\":\"fr-FR\",\"@id\":\"https:\/\/floweroflight.de\/en\/shop\/chakra\/#primaryimage\",\"url\":\"https:\/\/floweroflight.de\/wp-content\/uploads\/2015\/10\/fol-chakra-50cm-01.jpg\",\"contentUrl\":\"https:\/\/floweroflight.de\/wp-content\/uploads\/2015\/10\/fol-chakra-50cm-01.jpg\",\"width\":1280,\"height\":960,\"caption\":\"Chakra 50 cm\"},{\"@type\":\"BreadcrumbList\",\"@id\":\"https:\/\/floweroflight.de\/en\/shop\/chakra\/#breadcrumb\",\"itemListElement\":[{\"@type\":\"ListItem\",\"position\":1,\"name\":\"Shop\",\"item\":\"https:\/\/floweroflight.de\/en\/shop\/\"},{\"@type\":\"ListItem\",\"position\":2,\"name\":\"Chakra\"}]},{\"@type\":\"WebSite\",\"@id\":\"https:\/\/floweroflight.de\/en\/#website\",\"url\":\"https:\/\/floweroflight.de\/en\/\",\"name\":\"Flower of Light\",\"description\":\"Lamp design - Berlin\",\"potentialAction\":[{\"@type\":\"SearchAction\",\"target\":{\"@type\":\"EntryPoint\",\"urlTemplate\":\"https:\/\/floweroflight.de\/en\/?s={search_term_string}\"},\"query-input\":{\"@type\":\"PropertyValueSpecification\",\"valueRequired\":true,\"valueName\":\"search_term_string\"}}],\"inLanguage\":\"fr-FR\"}]}<\/script>\n<!-- \/ Yoast SEO plugin. -->","yoast_head_json":{"title":"Chakra","robots":{"index":"index","follow":"follow","max-snippet":"max-snippet:-1","max-image-preview":"max-image-preview:large","max-video-preview":"max-video-preview:-1"},"canonical":"https:\/\/floweroflight.de\/fr\/shop\/chakra\/","og_locale":"fr_FR","og_type":"article","og_title":"[:de]Chakra[:en]Chakra[:fr]Chakra[:] - Flower of Light","og_description":"Abat-jour \"Chakra\" compos\u00e9 d\u00b4'\u00e9l\u00e8ments modulaires, \u00e0 monter soi-m\u00eame   disponible en blanc  l\u00e9ger et robuste  r\u00e9sistant \u00e0 la chaleur et humidit\u00e9  lavable sous la douche","og_url":"https:\/\/floweroflight.de\/fr\/shop\/chakra\/","og_site_name":"Flower of Light","article_modified_time":"2021-11-08T10:39:16+00:00","og_image":[{"width":1280,"height":960,"url":"https:\/\/floweroflight.de\/wp-content\/uploads\/2015\/10\/fol-chakra-50cm-01.jpg","type":"image\/jpeg"}],"twitter_card":"summary_large_image","twitter_misc":{"Dur\u00e9e de lecture estim\u00e9e":"3 minutes"},"schema":{"@context":"https:\/\/schema.org","@graph":[{"@type":"WebPage","@id":"https:\/\/floweroflight.de\/en\/shop\/chakra\/","url":"https:\/\/floweroflight.de\/en\/shop\/chakra\/","name":"Chakra","isPartOf":{"@id":"https:\/\/floweroflight.de\/en\/#website"},"primaryImageOfPage":{"@id":"https:\/\/floweroflight.de\/en\/shop\/chakra\/#primaryimage"},"image":{"@id":"https:\/\/floweroflight.de\/en\/shop\/chakra\/#primaryimage"},"thumbnailUrl":"https:\/\/floweroflight.de\/wp-content\/uploads\/2015\/10\/fol-chakra-50cm-01.jpg","datePublished":"2019-11-27T18:57:40+00:00","dateModified":"2021-11-08T10:39:16+00:00","breadcrumb":{"@id":"https:\/\/floweroflight.de\/en\/shop\/chakra\/#breadcrumb"},"inLanguage":"fr-FR","potentialAction":[{"@type":"ReadAction","target":["https:\/\/floweroflight.de\/en\/shop\/chakra\/"]}]},{"@type":"ImageObject","inLanguage":"fr-FR","@id":"https:\/\/floweroflight.de\/en\/shop\/chakra\/#primaryimage","url":"https:\/\/floweroflight.de\/wp-content\/uploads\/2015\/10\/fol-chakra-50cm-01.jpg","contentUrl":"https:\/\/floweroflight.de\/wp-content\/uploads\/2015\/10\/fol-chakra-50cm-01.jpg","width":1280,"height":960,"caption":"Chakra 50 cm"},{"@type":"BreadcrumbList","@id":"https:\/\/floweroflight.de\/en\/shop\/chakra\/#breadcrumb","itemListElement":[{"@type":"ListItem","position":1,"name":"Shop","item":"https:\/\/floweroflight.de\/en\/shop\/"},{"@type":"ListItem","position":2,"name":"Chakra"}]},{"@type":"WebSite","@id":"https:\/\/floweroflight.de\/en\/#website","url":"https:\/\/floweroflight.de\/en\/","name":"Flower of Light","description":"Lamp design - Berlin","potentialAction":[{"@type":"SearchAction","target":{"@type":"EntryPoint","urlTemplate":"https:\/\/floweroflight.de\/en\/?s={search_term_string}"},"query-input":{"@type":"PropertyValueSpecification","valueRequired":true,"valueName":"search_term_string"}}],"inLanguage":"fr-FR"}]}},"_links":{"self":[{"href":"https:\/\/floweroflight.de\/fr\/wp-json\/wp\/v2\/product\/4662","targetHints":{"allow":["GET"]}}],"collection":[{"href":"https:\/\/floweroflight.de\/fr\/wp-json\/wp\/v2\/product"}],"about":[{"href":"https:\/\/floweroflight.de\/fr\/wp-json\/wp\/v2\/types\/product"}],"replies":[{"embeddable":true,"href":"https:\/\/floweroflight.de\/fr\/wp-json\/wp\/v2\/comments?post=4662"}],"version-history":[{"count":5,"href":"https:\/\/floweroflight.de\/fr\/wp-json\/wp\/v2\/product\/4662\/revisions"}],"predecessor-version":[{"id":7716,"href":"https:\/\/floweroflight.de\/fr\/wp-json\/wp\/v2\/product\/4662\/revisions\/7716"}],"wp:featuredmedia":[{"embeddable":true,"href":"https:\/\/floweroflight.de\/fr\/wp-json\/wp\/v2\/media\/253"}],"wp:attachment":[{"href":"https:\/\/floweroflight.de\/fr\/wp-json\/wp\/v2\/media?parent=4662"}],"wp:term":[{"taxonomy":"product_brand","embeddable":true,"href":"https:\/\/floweroflight.de\/fr\/wp-json\/wp\/v2\/product_brand?post=4662"},{"taxonomy":"product_cat","embeddable":true,"href":"https:\/\/floweroflight.de\/fr\/wp-json\/wp\/v2\/product_cat?post=4662"},{"taxonomy":"product_tag","embeddable":true,"href":"https:\/\/floweroflight.de\/fr\/wp-json\/wp\/v2\/product_tag?post=4662"}],"curies":[{"name":"wp","href":"https:\/\/api.w.org\/{rel}","templated":true}]}}